{"id":7638,"date":"2024-09-19T17:15:29","date_gmt":"2024-09-19T14:15:29","guid":{"rendered":"https:\/\/petityu.com\/yildiz-payetli-somonumsu-pembe-askili-kiz-cocuk-dogumgunu-elbisesi\/"},"modified":"2025-09-25T17:43:45","modified_gmt":"2025-09-25T14:43:45","slug":"yildiz-payetli-somonumsu-pembe-askili-kiz-cocuk-dogumgunu-elbisesi","status":"publish","type":"product","link":"https:\/\/petityu.com\/en\/yildiz-payetli-somonumsu-pembe-askili-kiz-cocuk-dogumgunu-elbisesi\/","title":{"rendered":"Petityu Y\u0131ld\u0131z Payetli Somonumsu Pembe Ask\u0131l\u0131 K\u0131z \u00c7ocuk Do\u011fumg\u00fcn\u00fc Elbisesi"},"content":{"rendered":"<div ><br \/>\n<ul><br \/>\n<li>k\u0131z \u00e7ocuk ask\u0131l\u0131 y\u0131ld\u0131z payetli pulllu elbise<\/li><br \/>\n<li>k\u0131z \u00e7ocuk yazl\u0131k do\u011fumg\u00fcn\u00fc elbisesi<\/li><br \/>\n<li>koton astarl\u0131 do\u011fumg\u00fcn\u00fc elbisesi<\/li><\/ul><br \/>\n<div>&nbsp;<\/div><\/div>","protected":false},"excerpt":{"rendered":"<p>k\u0131z \u00e7ocuk ask\u0131l\u0131 y\u0131ld\u0131z payetli pulllu elbise k\u0131z \u00e7ocuk yazl\u0131k do\u011fumg\u00fcn\u00fc elbisesi koton astarl\u0131 do\u011fumg\u00fcn\u00fc elbisesi &nbsp;<\/p>","protected":false},"featured_media":7637,"template":"","meta":[],"product_brand":[],"product_cat":[15,972,935],"product_tag":[],"class_list":{"0":"post-7638","1":"product","2":"type-product","3":"status-publish","4":"has-post-thumbnail","6":"product_cat-genel","7":"product_cat-elbise","8":"product_cat-kizcocuk","10":"first","11":"instock","12":"taxable","13":"shipping-taxable","14":"purchasable","15":"product-type-variable"},"_links":{"self":[{"href":"https:\/\/petityu.com\/en\/wp-json\/wp\/v2\/product\/7638","targetHints":{"allow":["GET"]}}],"collection":[{"href":"https:\/\/petityu.com\/en\/wp-json\/wp\/v2\/product"}],"about":[{"href":"https:\/\/petityu.com\/en\/wp-json\/wp\/v2\/types\/product"}],"wp:featuredmedia":[{"embeddable":true,"href":"https:\/\/petityu.com\/en\/wp-json\/wp\/v2\/media\/7637"}],"wp:attachment":[{"href":"https:\/\/petityu.com\/en\/wp-json\/wp\/v2\/media?parent=7638"}],"wp:term":[{"taxonomy":"product_brand","embeddable":true,"href":"https:\/\/petityu.com\/en\/wp-json\/wp\/v2\/product_brand?post=7638"},{"taxonomy":"product_cat","embeddable":true,"href":"https:\/\/petityu.com\/en\/wp-json\/wp\/v2\/product_cat?post=7638"},{"taxonomy":"product_tag","embeddable":true,"href":"https:\/\/petityu.com\/en\/wp-json\/wp\/v2\/product_tag?post=7638"}],"curies":[{"name":"wp","href":"https:\/\/api.w.org\/{rel}","templated":true}]}}