{"id":7813,"date":"2024-09-23T14:50:40","date_gmt":"2024-09-23T11:50:40","guid":{"rendered":"https:\/\/petityu.com\/petityu-kuromi-sirin-mor-kiz-cocuk-su-gecirmez-yagmurluk\/"},"modified":"2026-03-21T13:40:51","modified_gmt":"2026-03-21T10:40:51","slug":"petityu-kuromi-sirin-mor-kiz-cocuk-su-gecirmez-yagmurluk","status":"publish","type":"product","link":"https:\/\/petityu.com\/en\/petityu-kuromi-sirin-mor-kiz-cocuk-su-gecirmez-yagmurluk\/","title":{"rendered":"Petityu Kuromi \u015firin mor k\u0131z \u00e7ocuk su ge\u00e7irmez ya\u011fmurluk"},"content":{"rendered":"<p>petityu \u015firin Kuromi mor su ge&ccedil;irmez ya\u011fmurluk<\/p>\n<p>&nbsp;<\/p>","protected":false},"excerpt":{"rendered":"<p>petityu \u015firin Kuromi mor su ge&ccedil;irmez ya\u011fmurluk &nbsp;<\/p>","protected":false},"featured_media":7812,"template":"","meta":[],"product_brand":[],"product_cat":[973],"product_tag":[],"class_list":{"0":"post-7813","1":"product","2":"type-product","3":"status-publish","4":"has-post-thumbnail","6":"product_cat-yagmurluk-tulum-yagmur-pantalonu","8":"first","9":"instock","10":"featured","11":"taxable","12":"shipping-taxable","13":"purchasable","14":"product-type-variable"},"_links":{"self":[{"href":"https:\/\/petityu.com\/en\/wp-json\/wp\/v2\/product\/7813","targetHints":{"allow":["GET"]}}],"collection":[{"href":"https:\/\/petityu.com\/en\/wp-json\/wp\/v2\/product"}],"about":[{"href":"https:\/\/petityu.com\/en\/wp-json\/wp\/v2\/types\/product"}],"wp:featuredmedia":[{"embeddable":true,"href":"https:\/\/petityu.com\/en\/wp-json\/wp\/v2\/media\/7812"}],"wp:attachment":[{"href":"https:\/\/petityu.com\/en\/wp-json\/wp\/v2\/media?parent=7813"}],"wp:term":[{"taxonomy":"product_brand","embeddable":true,"href":"https:\/\/petityu.com\/en\/wp-json\/wp\/v2\/product_brand?post=7813"},{"taxonomy":"product_cat","embeddable":true,"href":"https:\/\/petityu.com\/en\/wp-json\/wp\/v2\/product_cat?post=7813"},{"taxonomy":"product_tag","embeddable":true,"href":"https:\/\/petityu.com\/en\/wp-json\/wp\/v2\/product_tag?post=7813"}],"curies":[{"name":"wp","href":"https:\/\/api.w.org\/{rel}","templated":true}]}}