{"id":7832,"date":"2024-10-08T15:26:20","date_gmt":"2024-10-08T12:26:20","guid":{"rendered":"https:\/\/petityu.com\/petityu-sugecirmez-cinnormoroll-sirin-yagmurluk\/"},"modified":"2025-09-18T15:41:23","modified_gmt":"2025-09-18T12:41:23","slug":"petityu-sugecirmez-cinnormoroll-sirin-yagmurluk","status":"publish","type":"product","link":"https:\/\/petityu.com\/en\/petityu-sugecirmez-cinnormoroll-sirin-yagmurluk\/","title":{"rendered":"Petityu Su Ge\u00e7irmez Cinnormoroll \u015eirin Ya\u011fmurluk"},"content":{"rendered":"<p><p>Petityu \u015firin su ge\u00e7irmez ya\u011fmurluk<\/p><\/p>","protected":false},"excerpt":{"rendered":"<p>Petityu \u015firin su ge\u00e7irmez ya\u011fmurluk<\/p>","protected":false},"featured_media":7831,"template":"","meta":[],"product_brand":[],"product_cat":[15],"product_tag":[],"class_list":{"0":"post-7832","1":"product","2":"type-product","3":"status-publish","4":"has-post-thumbnail","6":"product_cat-genel","8":"first","9":"instock","10":"taxable","11":"shipping-taxable","12":"purchasable","13":"product-type-variable"},"_links":{"self":[{"href":"https:\/\/petityu.com\/en\/wp-json\/wp\/v2\/product\/7832","targetHints":{"allow":["GET"]}}],"collection":[{"href":"https:\/\/petityu.com\/en\/wp-json\/wp\/v2\/product"}],"about":[{"href":"https:\/\/petityu.com\/en\/wp-json\/wp\/v2\/types\/product"}],"wp:featuredmedia":[{"embeddable":true,"href":"https:\/\/petityu.com\/en\/wp-json\/wp\/v2\/media\/7831"}],"wp:attachment":[{"href":"https:\/\/petityu.com\/en\/wp-json\/wp\/v2\/media?parent=7832"}],"wp:term":[{"taxonomy":"product_brand","embeddable":true,"href":"https:\/\/petityu.com\/en\/wp-json\/wp\/v2\/product_brand?post=7832"},{"taxonomy":"product_cat","embeddable":true,"href":"https:\/\/petityu.com\/en\/wp-json\/wp\/v2\/product_cat?post=7832"},{"taxonomy":"product_tag","embeddable":true,"href":"https:\/\/petityu.com\/en\/wp-json\/wp\/v2\/product_tag?post=7832"}],"curies":[{"name":"wp","href":"https:\/\/api.w.org\/{rel}","templated":true}]}}