{"id":7839,"date":"2024-10-08T16:40:17","date_gmt":"2024-10-08T13:40:17","guid":{"rendered":"https:\/\/petityu.com\/petityu-kuromi-sugecirmez-mor-yagmurluk\/"},"modified":"2025-10-07T23:04:52","modified_gmt":"2025-10-07T20:04:52","slug":"petityu-kuromi-sugecirmez-mor-yagmurluk","status":"publish","type":"product","link":"https:\/\/petityu.com\/en\/petityu-kuromi-sugecirmez-mor-yagmurluk\/","title":{"rendered":"Petityu Kuromi Su Ge\u00e7irmez Mor Ya\u011fmurluk"},"content":{"rendered":"<p><p>Petityu Kuromi mor cep biye renk detayl\u0131 ya\u011fmurluk<\/p><\/p>","protected":false},"excerpt":{"rendered":"<p>Petityu Kuromi mor cep biye renk detayl\u0131 ya\u011fmurluk<\/p>","protected":false},"featured_media":7838,"template":"","meta":[],"product_brand":[],"product_cat":[973],"product_tag":[],"class_list":{"0":"post-7839","1":"product","2":"type-product","3":"status-publish","4":"has-post-thumbnail","6":"product_cat-yagmurluk-tulum-yagmur-pantalonu","8":"first","9":"instock","10":"taxable","11":"shipping-taxable","12":"purchasable","13":"product-type-variable"},"_links":{"self":[{"href":"https:\/\/petityu.com\/en\/wp-json\/wp\/v2\/product\/7839","targetHints":{"allow":["GET"]}}],"collection":[{"href":"https:\/\/petityu.com\/en\/wp-json\/wp\/v2\/product"}],"about":[{"href":"https:\/\/petityu.com\/en\/wp-json\/wp\/v2\/types\/product"}],"wp:featuredmedia":[{"embeddable":true,"href":"https:\/\/petityu.com\/en\/wp-json\/wp\/v2\/media\/7838"}],"wp:attachment":[{"href":"https:\/\/petityu.com\/en\/wp-json\/wp\/v2\/media?parent=7839"}],"wp:term":[{"taxonomy":"product_brand","embeddable":true,"href":"https:\/\/petityu.com\/en\/wp-json\/wp\/v2\/product_brand?post=7839"},{"taxonomy":"product_cat","embeddable":true,"href":"https:\/\/petityu.com\/en\/wp-json\/wp\/v2\/product_cat?post=7839"},{"taxonomy":"product_tag","embeddable":true,"href":"https:\/\/petityu.com\/en\/wp-json\/wp\/v2\/product_tag?post=7839"}],"curies":[{"name":"wp","href":"https:\/\/api.w.org\/{rel}","templated":true}]}}