{"id":7845,"date":"2024-10-08T17:07:35","date_gmt":"2024-10-08T14:07:35","guid":{"rendered":"https:\/\/petityu.com\/petityu-sanrio-pembe-sugecirmez-biyeli-cepli-yagmurluk\/"},"modified":"2025-09-18T15:46:18","modified_gmt":"2025-09-18T12:46:18","slug":"petityu-sanrio-pembe-sugecirmez-biyeli-cepli-yagmurluk","status":"publish","type":"product","link":"https:\/\/petityu.com\/en\/petityu-sanrio-pembe-sugecirmez-biyeli-cepli-yagmurluk\/","title":{"rendered":"Petityu Sanrio Pembe Su Ge\u00e7irmez Biyeli Cepli Ya\u011fmurluk"},"content":{"rendered":"<p><p>Petityu Sanrio pembe ya\u011fmurluk<\/p><br \/>\n<p>Suge\u00e7irmez \u015firin ya\u011fmurluk<\/p><br \/>\n<p>Pembe k\u0131z \u00e7ocuk ya\u011fmurluk<\/p><\/p>","protected":false},"excerpt":{"rendered":"<p>Petityu Sanrio pembe ya\u011fmurluk Suge\u00e7irmez \u015firin ya\u011fmurluk Pembe k\u0131z \u00e7ocuk ya\u011fmurluk<\/p>","protected":false},"featured_media":7844,"template":"","meta":[],"product_brand":[],"product_cat":[973],"product_tag":[],"class_list":{"0":"post-7845","1":"product","2":"type-product","3":"status-publish","4":"has-post-thumbnail","6":"product_cat-yagmurluk-tulum-yagmur-pantalonu","8":"first","9":"instock","10":"taxable","11":"shipping-taxable","12":"purchasable","13":"product-type-variable"},"_links":{"self":[{"href":"https:\/\/petityu.com\/en\/wp-json\/wp\/v2\/product\/7845","targetHints":{"allow":["GET"]}}],"collection":[{"href":"https:\/\/petityu.com\/en\/wp-json\/wp\/v2\/product"}],"about":[{"href":"https:\/\/petityu.com\/en\/wp-json\/wp\/v2\/types\/product"}],"wp:featuredmedia":[{"embeddable":true,"href":"https:\/\/petityu.com\/en\/wp-json\/wp\/v2\/media\/7844"}],"wp:attachment":[{"href":"https:\/\/petityu.com\/en\/wp-json\/wp\/v2\/media?parent=7845"}],"wp:term":[{"taxonomy":"product_brand","embeddable":true,"href":"https:\/\/petityu.com\/en\/wp-json\/wp\/v2\/product_brand?post=7845"},{"taxonomy":"product_cat","embeddable":true,"href":"https:\/\/petityu.com\/en\/wp-json\/wp\/v2\/product_cat?post=7845"},{"taxonomy":"product_tag","embeddable":true,"href":"https:\/\/petityu.com\/en\/wp-json\/wp\/v2\/product_tag?post=7845"}],"curies":[{"name":"wp","href":"https:\/\/api.w.org\/{rel}","templated":true}]}}