{"id":7847,"date":"2024-10-08T22:46:04","date_gmt":"2024-10-08T19:46:04","guid":{"rendered":"https:\/\/petityu.com\/petityu-sanrio-sirin-pembe-kiz-cocuk-sweatshirt\/"},"modified":"2025-03-18T13:24:02","modified_gmt":"2025-03-18T10:24:02","slug":"petityu-sanrio-sirin-pembe-kiz-cocuk-sweatshirt","status":"publish","type":"product","link":"https:\/\/petityu.com\/en\/petityu-sanrio-sirin-pembe-kiz-cocuk-sweatshirt\/","title":{"rendered":"Petityu Sanrio \u015firin pembe k\u0131z \u00e7ocuk sweatshirt"},"content":{"rendered":"<p><p>My Melody Sanrio sweatshirt<\/p><br \/>\n<p>k\u0131z \u00e7ocuk pembe sweatshirt<\/p><br \/>\n<p>My Melody Pembe sweatshirt<\/p><br \/>\n<p>&nbsp;<\/p><\/p>","protected":false},"excerpt":{"rendered":"<p>My Melody Sanrio sweatshirt k\u0131z \u00e7ocuk pembe sweatshirt My Melody Pembe sweatshirt &nbsp;<\/p>","protected":false},"featured_media":7852,"template":"","meta":[],"product_brand":[],"product_cat":[976],"product_tag":[],"class_list":{"0":"post-7847","1":"product","2":"type-product","3":"status-publish","4":"has-post-thumbnail","6":"product_cat-sweatshirt","8":"first","9":"outofstock","10":"taxable","11":"shipping-taxable","12":"purchasable","13":"product-type-variable"},"_links":{"self":[{"href":"https:\/\/petityu.com\/en\/wp-json\/wp\/v2\/product\/7847","targetHints":{"allow":["GET"]}}],"collection":[{"href":"https:\/\/petityu.com\/en\/wp-json\/wp\/v2\/product"}],"about":[{"href":"https:\/\/petityu.com\/en\/wp-json\/wp\/v2\/types\/product"}],"wp:featuredmedia":[{"embeddable":true,"href":"https:\/\/petityu.com\/en\/wp-json\/wp\/v2\/media\/7852"}],"wp:attachment":[{"href":"https:\/\/petityu.com\/en\/wp-json\/wp\/v2\/media?parent=7847"}],"wp:term":[{"taxonomy":"product_brand","embeddable":true,"href":"https:\/\/petityu.com\/en\/wp-json\/wp\/v2\/product_brand?post=7847"},{"taxonomy":"product_cat","embeddable":true,"href":"https:\/\/petityu.com\/en\/wp-json\/wp\/v2\/product_cat?post=7847"},{"taxonomy":"product_tag","embeddable":true,"href":"https:\/\/petityu.com\/en\/wp-json\/wp\/v2\/product_tag?post=7847"}],"curies":[{"name":"wp","href":"https:\/\/api.w.org\/{rel}","templated":true}]}}