{"id":7867,"date":"2024-11-05T16:54:14","date_gmt":"2024-11-05T13:54:14","guid":{"rendered":"https:\/\/petityu.com\/petityu-kuromi-cift-tarafli-ince-mevsimlik-mor-lila-ceket\/"},"modified":"2025-08-26T12:11:38","modified_gmt":"2025-08-26T09:11:38","slug":"petityu-kuromi-cift-tarafli-ince-mevsimlik-mor-lila-ceket","status":"publish","type":"product","link":"https:\/\/petityu.com\/en\/petityu-kuromi-cift-tarafli-ince-mevsimlik-mor-lila-ceket\/","title":{"rendered":"Petityu Kuromi \u00c7ift Tarafl\u0131 \u0130nce Mevsimlik Mor Lila Ceket"},"content":{"rendered":"<p>\u0130nce mevsimlik ceket<\/p>\n<p>Kuromi bask\u0131l\u0131<\/p>\n<p>Mor lila renk<\/p>\n<p>Kapi\u015fonlu<\/p>","protected":false},"excerpt":{"rendered":"<p>\u0130nce mevsimlik ceket Kuromi bask\u0131l\u0131 Mor lila renk Kapi\u015fonlu<\/p>","protected":false},"featured_media":7868,"template":"","meta":[],"product_brand":[],"product_cat":[15],"product_tag":[],"class_list":{"0":"post-7867","1":"product","2":"type-product","3":"status-publish","4":"has-post-thumbnail","6":"product_cat-genel","8":"first","9":"outofstock","10":"taxable","11":"shipping-taxable","12":"purchasable","13":"product-type-variable"},"_links":{"self":[{"href":"https:\/\/petityu.com\/en\/wp-json\/wp\/v2\/product\/7867","targetHints":{"allow":["GET"]}}],"collection":[{"href":"https:\/\/petityu.com\/en\/wp-json\/wp\/v2\/product"}],"about":[{"href":"https:\/\/petityu.com\/en\/wp-json\/wp\/v2\/types\/product"}],"wp:featuredmedia":[{"embeddable":true,"href":"https:\/\/petityu.com\/en\/wp-json\/wp\/v2\/media\/7868"}],"wp:attachment":[{"href":"https:\/\/petityu.com\/en\/wp-json\/wp\/v2\/media?parent=7867"}],"wp:term":[{"taxonomy":"product_brand","embeddable":true,"href":"https:\/\/petityu.com\/en\/wp-json\/wp\/v2\/product_brand?post=7867"},{"taxonomy":"product_cat","embeddable":true,"href":"https:\/\/petityu.com\/en\/wp-json\/wp\/v2\/product_cat?post=7867"},{"taxonomy":"product_tag","embeddable":true,"href":"https:\/\/petityu.com\/en\/wp-json\/wp\/v2\/product_tag?post=7867"}],"curies":[{"name":"wp","href":"https:\/\/api.w.org\/{rel}","templated":true}]}}