{"id":7878,"date":"2024-11-11T16:13:26","date_gmt":"2024-11-11T13:13:26","guid":{"rendered":"https:\/\/petityu.com\/petityu-ici-polarli-cift-tarafli-kuromi-mor-mont\/"},"modified":"2026-04-02T19:08:33","modified_gmt":"2026-04-02T16:08:33","slug":"petityu-ici-polarli-cift-tarafli-kuromi-mor-mont","status":"publish","type":"product","link":"https:\/\/petityu.com\/en\/petityu-ici-polarli-cift-tarafli-kuromi-mor-mont\/","title":{"rendered":"Petityu \u0130\u00e7i Polarl\u0131 \u00c7ift Tarafl\u0131 Kuromi Mor Mont"},"content":{"rendered":"<p><p>Kuromi<\/p><br \/>\n<p>\u0130\u00e7i polarl\u0131<\/p><br \/>\n<p>\u00c7ift tarafl\u0131<\/p><br \/>\n<p>Mor renk<\/p><br \/>\n<p>K\u0131z \u00e7ocuk mont<\/p><\/p>","protected":false},"excerpt":{"rendered":"<p>Kuromi \u0130\u00e7i polarl\u0131 \u00c7ift tarafl\u0131 Mor renk K\u0131z \u00e7ocuk mont<\/p>","protected":false},"featured_media":7879,"template":"","meta":[],"product_brand":[],"product_cat":[15],"product_tag":[],"class_list":{"0":"post-7878","1":"product","2":"type-product","3":"status-publish","4":"has-post-thumbnail","6":"product_cat-genel","8":"first","9":"instock","10":"taxable","11":"shipping-taxable","12":"purchasable","13":"product-type-variable"},"_links":{"self":[{"href":"https:\/\/petityu.com\/en\/wp-json\/wp\/v2\/product\/7878","targetHints":{"allow":["GET"]}}],"collection":[{"href":"https:\/\/petityu.com\/en\/wp-json\/wp\/v2\/product"}],"about":[{"href":"https:\/\/petityu.com\/en\/wp-json\/wp\/v2\/types\/product"}],"wp:featuredmedia":[{"embeddable":true,"href":"https:\/\/petityu.com\/en\/wp-json\/wp\/v2\/media\/7879"}],"wp:attachment":[{"href":"https:\/\/petityu.com\/en\/wp-json\/wp\/v2\/media?parent=7878"}],"wp:term":[{"taxonomy":"product_brand","embeddable":true,"href":"https:\/\/petityu.com\/en\/wp-json\/wp\/v2\/product_brand?post=7878"},{"taxonomy":"product_cat","embeddable":true,"href":"https:\/\/petityu.com\/en\/wp-json\/wp\/v2\/product_cat?post=7878"},{"taxonomy":"product_tag","embeddable":true,"href":"https:\/\/petityu.com\/en\/wp-json\/wp\/v2\/product_tag?post=7878"}],"curies":[{"name":"wp","href":"https:\/\/api.w.org\/{rel}","templated":true}]}}