{"id":7887,"date":"2024-11-11T17:13:14","date_gmt":"2024-11-11T14:13:14","guid":{"rendered":"https:\/\/petityu.com\/petityu-6li-bingo-bluey-balon-seti-2-yas\/"},"modified":"2026-03-03T12:23:11","modified_gmt":"2026-03-03T09:23:11","slug":"petityu-6li-bingo-bluey-balon-seti-2-yas","status":"publish","type":"product","link":"https:\/\/petityu.com\/en\/petityu-6li-bingo-bluey-balon-seti-2-yas\/","title":{"rendered":"Petityu 6&#8217;l\u0131 Bluey balon seti 2 ya\u015f"},"content":{"rendered":"<p><p>Bluey 6&#8217;l\u0131 balon seti<\/p><br \/>\n<p>Turuncu balon seti<\/p><br \/>\n<p>2 y\u0131ld\u0131z 1 bingo 2 yuvarlak 1 tane de&nbsp;2 ya\u015f&nbsp;<\/p><br \/>\n<p>Folyo BLUEY BALON SET<\/p><\/p>","protected":false},"excerpt":{"rendered":"<p>Bluey 6&#8217;l\u0131 balon seti Turuncu balon seti 2 y\u0131ld\u0131z 1 bingo 2 yuvarlak 1 tane de&nbsp;2 ya\u015f&nbsp; Folyo BLUEY BALON SET<\/p>","protected":false},"featured_media":7888,"template":"","meta":[],"product_brand":[],"product_cat":[15],"product_tag":[],"class_list":{"0":"post-7887","1":"product","2":"type-product","3":"status-publish","4":"has-post-thumbnail","6":"product_cat-genel","8":"first","9":"outofstock","10":"taxable","11":"shipping-taxable","12":"purchasable","13":"product-type-simple"},"_links":{"self":[{"href":"https:\/\/petityu.com\/en\/wp-json\/wp\/v2\/product\/7887","targetHints":{"allow":["GET"]}}],"collection":[{"href":"https:\/\/petityu.com\/en\/wp-json\/wp\/v2\/product"}],"about":[{"href":"https:\/\/petityu.com\/en\/wp-json\/wp\/v2\/types\/product"}],"wp:featuredmedia":[{"embeddable":true,"href":"https:\/\/petityu.com\/en\/wp-json\/wp\/v2\/media\/7888"}],"wp:attachment":[{"href":"https:\/\/petityu.com\/en\/wp-json\/wp\/v2\/media?parent=7887"}],"wp:term":[{"taxonomy":"product_brand","embeddable":true,"href":"https:\/\/petityu.com\/en\/wp-json\/wp\/v2\/product_brand?post=7887"},{"taxonomy":"product_cat","embeddable":true,"href":"https:\/\/petityu.com\/en\/wp-json\/wp\/v2\/product_cat?post=7887"},{"taxonomy":"product_tag","embeddable":true,"href":"https:\/\/petityu.com\/en\/wp-json\/wp\/v2\/product_tag?post=7887"}],"curies":[{"name":"wp","href":"https:\/\/api.w.org\/{rel}","templated":true}]}}