{"id":7891,"date":"2024-11-19T15:57:30","date_gmt":"2024-11-19T12:57:30","guid":{"rendered":"https:\/\/petityu.com\/petityu-kuromi-kalin-su-gecirmez-cikarilabilir-ici-polarli-mont\/"},"modified":"2025-10-04T19:53:45","modified_gmt":"2025-10-04T16:53:45","slug":"petityu-kuromi-kalin-su-gecirmez-cikarilabilir-ici-polarli-mont","status":"publish","type":"product","link":"https:\/\/petityu.com\/en\/petityu-kuromi-kalin-su-gecirmez-cikarilabilir-ici-polarli-mont\/","title":{"rendered":"Petityu Kuromi Kal\u0131n Su Ge\u00e7irmez \u00c7\u0131kar\u0131labilir \u0130\u00e7i Polarl\u0131 Mont"},"content":{"rendered":"<p><p>Kuromi<\/p><br \/>\n<p>\u0130\u00e7i \u00e7\u0131kar\u0131labilir polarl\u0131<\/p><br \/>\n<p>Su ge\u00e7irmez<\/p><br \/>\n<p>Kal\u0131n<\/p><br \/>\n<p>K\u0131z \u00e7ocuk mont<\/p><br \/>\n<p>Beyaz kol detayl\u0131<\/p><br \/>\n<p>Mor renk<\/p><\/p>","protected":false},"excerpt":{"rendered":"<p>Kuromi \u0130\u00e7i \u00e7\u0131kar\u0131labilir polarl\u0131 Su ge\u00e7irmez Kal\u0131n K\u0131z \u00e7ocuk mont Beyaz kol detayl\u0131 Mor renk<\/p>","protected":false},"featured_media":7894,"template":"","meta":[],"product_brand":[],"product_cat":[15],"product_tag":[],"class_list":{"0":"post-7891","1":"product","2":"type-product","3":"status-publish","4":"has-post-thumbnail","6":"product_cat-genel","8":"first","9":"outofstock","10":"featured","11":"taxable","12":"shipping-taxable","13":"purchasable","14":"product-type-variable"},"_links":{"self":[{"href":"https:\/\/petityu.com\/en\/wp-json\/wp\/v2\/product\/7891","targetHints":{"allow":["GET"]}}],"collection":[{"href":"https:\/\/petityu.com\/en\/wp-json\/wp\/v2\/product"}],"about":[{"href":"https:\/\/petityu.com\/en\/wp-json\/wp\/v2\/types\/product"}],"wp:featuredmedia":[{"embeddable":true,"href":"https:\/\/petityu.com\/en\/wp-json\/wp\/v2\/media\/7894"}],"wp:attachment":[{"href":"https:\/\/petityu.com\/en\/wp-json\/wp\/v2\/media?parent=7891"}],"wp:term":[{"taxonomy":"product_brand","embeddable":true,"href":"https:\/\/petityu.com\/en\/wp-json\/wp\/v2\/product_brand?post=7891"},{"taxonomy":"product_cat","embeddable":true,"href":"https:\/\/petityu.com\/en\/wp-json\/wp\/v2\/product_cat?post=7891"},{"taxonomy":"product_tag","embeddable":true,"href":"https:\/\/petityu.com\/en\/wp-json\/wp\/v2\/product_tag?post=7891"}],"curies":[{"name":"wp","href":"https:\/\/api.w.org\/{rel}","templated":true}]}}