{"id":7900,"date":"2024-11-21T15:03:26","date_gmt":"2024-11-21T12:03:26","guid":{"rendered":"https:\/\/petityu.com\/?post_type=product&#038;p=7900"},"modified":"2025-11-27T16:36:05","modified_gmt":"2025-11-27T13:36:05","slug":"petityu-my-melody-sirin-pembe-kiz-cocuk-yagmurluk","status":"publish","type":"product","link":"https:\/\/petityu.com\/en\/petityu-my-melody-sirin-pembe-kiz-cocuk-yagmurluk\/","title":{"rendered":"Petityu My Melody \u015eirin Pembe K\u0131z \u00c7ocuk Ya\u011fmurluk"},"content":{"rendered":"<p><p>My melody<\/p><br \/>\n<p>\u015eirin pembe renk<\/p><br \/>\n<p>Su ge\u00e7irmez ya\u011fmurluk<\/p><\/p>","protected":false},"excerpt":{"rendered":"<p>My melody \u015eirin pembe renk Su ge\u00e7irmez ya\u011fmurluk<\/p>","protected":false},"featured_media":7899,"template":"","meta":[],"product_brand":[],"product_cat":[973],"product_tag":[],"class_list":{"0":"post-7900","1":"product","2":"type-product","3":"status-publish","4":"has-post-thumbnail","6":"product_cat-yagmurluk-tulum-yagmur-pantalonu","8":"first","9":"instock","10":"featured","11":"taxable","12":"shipping-taxable","13":"purchasable","14":"product-type-variable"},"_links":{"self":[{"href":"https:\/\/petityu.com\/en\/wp-json\/wp\/v2\/product\/7900","targetHints":{"allow":["GET"]}}],"collection":[{"href":"https:\/\/petityu.com\/en\/wp-json\/wp\/v2\/product"}],"about":[{"href":"https:\/\/petityu.com\/en\/wp-json\/wp\/v2\/types\/product"}],"wp:featuredmedia":[{"embeddable":true,"href":"https:\/\/petityu.com\/en\/wp-json\/wp\/v2\/media\/7899"}],"wp:attachment":[{"href":"https:\/\/petityu.com\/en\/wp-json\/wp\/v2\/media?parent=7900"}],"wp:term":[{"taxonomy":"product_brand","embeddable":true,"href":"https:\/\/petityu.com\/en\/wp-json\/wp\/v2\/product_brand?post=7900"},{"taxonomy":"product_cat","embeddable":true,"href":"https:\/\/petityu.com\/en\/wp-json\/wp\/v2\/product_cat?post=7900"},{"taxonomy":"product_tag","embeddable":true,"href":"https:\/\/petityu.com\/en\/wp-json\/wp\/v2\/product_tag?post=7900"}],"curies":[{"name":"wp","href":"https:\/\/api.w.org\/{rel}","templated":true}]}}