{"id":7907,"date":"2024-11-21T15:58:05","date_gmt":"2024-11-21T12:58:05","guid":{"rendered":"https:\/\/petityu.com\/?post_type=product&#038;p=7907"},"modified":"2026-03-03T13:42:41","modified_gmt":"2026-03-03T10:42:41","slug":"petityu-unicorn-renkli-yeleli-sirin-pembe-su-gecirmez-yagmurluk","status":"publish","type":"product","link":"https:\/\/petityu.com\/en\/petityu-unicorn-renkli-yeleli-sirin-pembe-su-gecirmez-yagmurluk\/","title":{"rendered":"Petityu Unicorn Renkli Yeleli \u015eirin Pembe Su Ge\u00e7irmez Ya\u011fmurluk"},"content":{"rendered":"<p><p>Unicorn desenli&nbsp;<\/p><br \/>\n<p>Yeleli<\/p><br \/>\n<p>Rengarenk<\/p><br \/>\n<p>A\u015f\u0131r\u0131 \u015firin<\/p><br \/>\n<p>Pembe k\u0131z \u00e7ocuk ya\u011fmurluk<\/p><\/p>","protected":false},"excerpt":{"rendered":"<p>Unicorn desenli&nbsp; Yeleli Rengarenk A\u015f\u0131r\u0131 \u015firin Pembe k\u0131z \u00e7ocuk ya\u011fmurluk<\/p>","protected":false},"featured_media":7906,"template":"","meta":[],"product_brand":[],"product_cat":[973],"product_tag":[],"class_list":{"0":"post-7907","1":"product","2":"type-product","3":"status-publish","4":"has-post-thumbnail","6":"product_cat-yagmurluk-tulum-yagmur-pantalonu","8":"first","9":"instock","10":"taxable","11":"shipping-taxable","12":"purchasable","13":"product-type-variable"},"_links":{"self":[{"href":"https:\/\/petityu.com\/en\/wp-json\/wp\/v2\/product\/7907","targetHints":{"allow":["GET"]}}],"collection":[{"href":"https:\/\/petityu.com\/en\/wp-json\/wp\/v2\/product"}],"about":[{"href":"https:\/\/petityu.com\/en\/wp-json\/wp\/v2\/types\/product"}],"wp:featuredmedia":[{"embeddable":true,"href":"https:\/\/petityu.com\/en\/wp-json\/wp\/v2\/media\/7906"}],"wp:attachment":[{"href":"https:\/\/petityu.com\/en\/wp-json\/wp\/v2\/media?parent=7907"}],"wp:term":[{"taxonomy":"product_brand","embeddable":true,"href":"https:\/\/petityu.com\/en\/wp-json\/wp\/v2\/product_brand?post=7907"},{"taxonomy":"product_cat","embeddable":true,"href":"https:\/\/petityu.com\/en\/wp-json\/wp\/v2\/product_cat?post=7907"},{"taxonomy":"product_tag","embeddable":true,"href":"https:\/\/petityu.com\/en\/wp-json\/wp\/v2\/product_tag?post=7907"}],"curies":[{"name":"wp","href":"https:\/\/api.w.org\/{rel}","templated":true}]}}