{"id":7912,"date":"2024-11-21T16:26:23","date_gmt":"2024-11-21T13:26:23","guid":{"rendered":"https:\/\/petityu.com\/?post_type=product&#038;p=7912"},"modified":"2026-03-10T14:22:38","modified_gmt":"2026-03-10T11:22:38","slug":"petityu-kuromi-sirin-esofman-takim","status":"publish","type":"product","link":"https:\/\/petityu.com\/en\/petityu-kuromi-sirin-esofman-takim\/","title":{"rendered":"Petityu Kuromi \u015eirin E\u015fofman Tak\u0131m"},"content":{"rendered":"<p><p>Kuromi<\/p><br \/>\n<p>F\u0131rf\u0131r ve ponpon detayl\u0131<\/p><br \/>\n<p>Hafif \u0130spanyol pa\u00e7a<\/p><br \/>\n<p>\u015eirin<\/p><br \/>\n<p>K\u0131z \u00e7ocuk e\u015fofman tak\u0131m\u0131<\/p><\/p>","protected":false},"excerpt":{"rendered":"<p>Kuromi F\u0131rf\u0131r ve ponpon detayl\u0131 Hafif \u0130spanyol pa\u00e7a \u015eirin K\u0131z \u00e7ocuk e\u015fofman tak\u0131m\u0131<\/p>","protected":false},"featured_media":7911,"template":"","meta":[],"product_brand":[],"product_cat":[976],"product_tag":[],"class_list":{"0":"post-7912","1":"product","2":"type-product","3":"status-publish","4":"has-post-thumbnail","6":"product_cat-sweatshirt","8":"first","9":"instock","10":"featured","11":"taxable","12":"shipping-taxable","13":"purchasable","14":"product-type-variable"},"_links":{"self":[{"href":"https:\/\/petityu.com\/en\/wp-json\/wp\/v2\/product\/7912","targetHints":{"allow":["GET"]}}],"collection":[{"href":"https:\/\/petityu.com\/en\/wp-json\/wp\/v2\/product"}],"about":[{"href":"https:\/\/petityu.com\/en\/wp-json\/wp\/v2\/types\/product"}],"wp:featuredmedia":[{"embeddable":true,"href":"https:\/\/petityu.com\/en\/wp-json\/wp\/v2\/media\/7911"}],"wp:attachment":[{"href":"https:\/\/petityu.com\/en\/wp-json\/wp\/v2\/media?parent=7912"}],"wp:term":[{"taxonomy":"product_brand","embeddable":true,"href":"https:\/\/petityu.com\/en\/wp-json\/wp\/v2\/product_brand?post=7912"},{"taxonomy":"product_cat","embeddable":true,"href":"https:\/\/petityu.com\/en\/wp-json\/wp\/v2\/product_cat?post=7912"},{"taxonomy":"product_tag","embeddable":true,"href":"https:\/\/petityu.com\/en\/wp-json\/wp\/v2\/product_tag?post=7912"}],"curies":[{"name":"wp","href":"https:\/\/api.w.org\/{rel}","templated":true}]}}