{"id":7920,"date":"2024-11-29T14:16:43","date_gmt":"2024-11-29T11:16:43","guid":{"rendered":"https:\/\/petityu.com\/?post_type=product&#038;p=7920"},"modified":"2024-11-29T22:20:59","modified_gmt":"2024-11-29T19:20:59","slug":"petityu-kuromi-kislik-ikli-takim-ici-polar-tutu-etekli-taytli-sweatshirt-esofman-takim","status":"publish","type":"product","link":"https:\/\/petityu.com\/en\/petityu-kuromi-kislik-ikli-takim-ici-polar-tutu-etekli-taytli-sweatshirt-esofman-takim\/","title":{"rendered":"Petityu Kuromi K\u0131\u015fl\u0131k ikli tak\u0131m i\u00e7i polar tutu etekli taytl\u0131 sweatshirt e\u015fofman tak\u0131m"},"content":{"rendered":"<p>s\u0131cac\u0131k yumu\u015fac\u0131k ve a\u015f\u0131r\u0131 \u015firin \ud83d\ude42<\/p>\n<p>kal\u0131n k\u0131\u015fl\u0131k \u00fcr\u00fcnd\u00fcr<\/p>","protected":false},"excerpt":{"rendered":"<p>s\u0131cac\u0131k yumu\u015fac\u0131k ve a\u015f\u0131r\u0131 \u015firin \ud83d\ude42 kal\u0131n k\u0131\u015fl\u0131k \u00fcr\u00fcnd\u00fcr<\/p>","protected":false},"featured_media":7923,"template":"","meta":[],"product_brand":[],"product_cat":[971,935,976],"product_tag":[],"class_list":{"0":"post-7920","1":"product","2":"type-product","3":"status-publish","4":"has-post-thumbnail","6":"product_cat-etek","7":"product_cat-kizcocuk","8":"product_cat-sweatshirt","10":"first","11":"instock","12":"featured","13":"taxable","14":"shipping-taxable","15":"purchasable","16":"product-type-variable"},"_links":{"self":[{"href":"https:\/\/petityu.com\/en\/wp-json\/wp\/v2\/product\/7920","targetHints":{"allow":["GET"]}}],"collection":[{"href":"https:\/\/petityu.com\/en\/wp-json\/wp\/v2\/product"}],"about":[{"href":"https:\/\/petityu.com\/en\/wp-json\/wp\/v2\/types\/product"}],"wp:featuredmedia":[{"embeddable":true,"href":"https:\/\/petityu.com\/en\/wp-json\/wp\/v2\/media\/7923"}],"wp:attachment":[{"href":"https:\/\/petityu.com\/en\/wp-json\/wp\/v2\/media?parent=7920"}],"wp:term":[{"taxonomy":"product_brand","embeddable":true,"href":"https:\/\/petityu.com\/en\/wp-json\/wp\/v2\/product_brand?post=7920"},{"taxonomy":"product_cat","embeddable":true,"href":"https:\/\/petityu.com\/en\/wp-json\/wp\/v2\/product_cat?post=7920"},{"taxonomy":"product_tag","embeddable":true,"href":"https:\/\/petityu.com\/en\/wp-json\/wp\/v2\/product_tag?post=7920"}],"curies":[{"name":"wp","href":"https:\/\/api.w.org\/{rel}","templated":true}]}}