{"id":7958,"date":"2024-12-06T14:01:14","date_gmt":"2024-12-06T11:01:14","guid":{"rendered":"https:\/\/petityu.com\/petityu-sonic-smiggle-ilkokul-ortaokul-canta\/"},"modified":"2025-09-15T16:28:05","modified_gmt":"2025-09-15T13:28:05","slug":"petityu-sonic-smiggle-ilkokul-ortaokul-canta","status":"publish","type":"product","link":"https:\/\/petityu.com\/en\/petityu-sonic-smiggle-ilkokul-ortaokul-canta\/","title":{"rendered":"Petityu Sonic Smiggle \u0130lkokul Ortaokul \u00c7anta"},"content":{"rendered":"<p><p>Orjinal Smiggle \u0130lkokul Ortaokul \u00c7anta<\/p><br \/>\n<p>Sonic desenli<\/p><\/p>","protected":false},"excerpt":{"rendered":"<p>Orjinal Smiggle \u0130lkokul Ortaokul \u00c7anta Sonic desenli<\/p>","protected":false},"featured_media":7964,"template":"","meta":[],"product_brand":[],"product_cat":[15],"product_tag":[],"class_list":{"0":"post-7958","1":"product","2":"type-product","3":"status-publish","4":"has-post-thumbnail","6":"product_cat-genel","8":"first","9":"instock","10":"taxable","11":"shipping-taxable","12":"purchasable","13":"product-type-simple"},"_links":{"self":[{"href":"https:\/\/petityu.com\/en\/wp-json\/wp\/v2\/product\/7958","targetHints":{"allow":["GET"]}}],"collection":[{"href":"https:\/\/petityu.com\/en\/wp-json\/wp\/v2\/product"}],"about":[{"href":"https:\/\/petityu.com\/en\/wp-json\/wp\/v2\/types\/product"}],"wp:featuredmedia":[{"embeddable":true,"href":"https:\/\/petityu.com\/en\/wp-json\/wp\/v2\/media\/7964"}],"wp:attachment":[{"href":"https:\/\/petityu.com\/en\/wp-json\/wp\/v2\/media?parent=7958"}],"wp:term":[{"taxonomy":"product_brand","embeddable":true,"href":"https:\/\/petityu.com\/en\/wp-json\/wp\/v2\/product_brand?post=7958"},{"taxonomy":"product_cat","embeddable":true,"href":"https:\/\/petityu.com\/en\/wp-json\/wp\/v2\/product_cat?post=7958"},{"taxonomy":"product_tag","embeddable":true,"href":"https:\/\/petityu.com\/en\/wp-json\/wp\/v2\/product_tag?post=7958"}],"curies":[{"name":"wp","href":"https:\/\/api.w.org\/{rel}","templated":true}]}}