{"id":7969,"date":"2024-12-06T14:22:59","date_gmt":"2024-12-06T11:22:59","guid":{"rendered":"https:\/\/petityu.com\/petityu-kiz-cocuk-ponponlu-yesil-1-2-yas-yilbasi-elbisesi\/"},"modified":"2025-12-25T17:07:34","modified_gmt":"2025-12-25T14:07:34","slug":"petityu-kiz-cocuk-ponponlu-yesil-1-2-yas-yilbasi-elbisesi","status":"publish","type":"product","link":"https:\/\/petityu.com\/en\/petityu-kiz-cocuk-ponponlu-yesil-1-2-yas-yilbasi-elbisesi\/","title":{"rendered":"Petityu K\u0131z \u00c7ocuk Ponponlu Ye\u015fil Y\u0131lba\u015f\u0131 Elbisesi"},"content":{"rendered":"<p><p>Ponponlu \u00c7anl\u0131 K\u0131z \u00c7ocuk Y\u0131lba\u015f\u0131 Elbisesi<\/p><br \/>\n<p>1-2 Ya\u015fa uygun<\/p><br \/>\n<p>Ye\u015fil Renk<\/p><\/p>","protected":false},"excerpt":{"rendered":"<p>Ponponlu \u00c7anl\u0131 K\u0131z \u00c7ocuk Y\u0131lba\u015f\u0131 Elbisesi 1-2 Ya\u015fa uygun Ye\u015fil Renk<\/p>","protected":false},"featured_media":7973,"template":"","meta":[],"product_brand":[],"product_cat":[972],"product_tag":[],"class_list":{"0":"post-7969","1":"product","2":"type-product","3":"status-publish","4":"has-post-thumbnail","6":"product_cat-elbise","8":"first","9":"outofstock","10":"taxable","11":"shipping-taxable","12":"purchasable","13":"product-type-variable"},"_links":{"self":[{"href":"https:\/\/petityu.com\/en\/wp-json\/wp\/v2\/product\/7969","targetHints":{"allow":["GET"]}}],"collection":[{"href":"https:\/\/petityu.com\/en\/wp-json\/wp\/v2\/product"}],"about":[{"href":"https:\/\/petityu.com\/en\/wp-json\/wp\/v2\/types\/product"}],"wp:featuredmedia":[{"embeddable":true,"href":"https:\/\/petityu.com\/en\/wp-json\/wp\/v2\/media\/7973"}],"wp:attachment":[{"href":"https:\/\/petityu.com\/en\/wp-json\/wp\/v2\/media?parent=7969"}],"wp:term":[{"taxonomy":"product_brand","embeddable":true,"href":"https:\/\/petityu.com\/en\/wp-json\/wp\/v2\/product_brand?post=7969"},{"taxonomy":"product_cat","embeddable":true,"href":"https:\/\/petityu.com\/en\/wp-json\/wp\/v2\/product_cat?post=7969"},{"taxonomy":"product_tag","embeddable":true,"href":"https:\/\/petityu.com\/en\/wp-json\/wp\/v2\/product_tag?post=7969"}],"curies":[{"name":"wp","href":"https:\/\/api.w.org\/{rel}","templated":true}]}}