{"id":7978,"date":"2024-12-06T14:57:38","date_gmt":"2024-12-06T11:57:38","guid":{"rendered":"https:\/\/petityu.com\/?post_type=product&#038;p=7978"},"modified":"2026-02-18T16:02:24","modified_gmt":"2026-02-18T13:02:24","slug":"petityu-kuromi-mor-orme-yun-eldiven-parmak-ucu-pembe-3-7-yas","status":"publish","type":"product","link":"https:\/\/petityu.com\/en\/petityu-kuromi-mor-orme-yun-eldiven-parmak-ucu-pembe-3-7-yas\/","title":{"rendered":"Petityu Kuromi Mor \u00d6rme Y\u00fcn Eldiven Parmak Ucu Pembe 3-7 Ya\u015f"},"content":{"rendered":"<p><p>Kuromi \u00d6rme&nbsp; Y\u00fcn Eldiven<\/p><br \/>\n<p>3-7 Ya\u015f<\/p><br \/>\n<p>Mor renk<\/p><br \/>\n<p>Parmak ucu pembe detayl\u0131<\/p><\/p>","protected":false},"excerpt":{"rendered":"<p>Kuromi \u00d6rme&nbsp; Y\u00fcn Eldiven 3-7 Ya\u015f Mor renk Parmak ucu pembe detayl\u0131<\/p>","protected":false},"featured_media":7979,"template":"","meta":[],"product_brand":[],"product_cat":[981],"product_tag":[],"class_list":{"0":"post-7978","1":"product","2":"type-product","3":"status-publish","4":"has-post-thumbnail","6":"product_cat-bere-atki-eldiven","8":"first","9":"instock","10":"taxable","11":"shipping-taxable","12":"purchasable","13":"product-type-simple"},"_links":{"self":[{"href":"https:\/\/petityu.com\/en\/wp-json\/wp\/v2\/product\/7978","targetHints":{"allow":["GET"]}}],"collection":[{"href":"https:\/\/petityu.com\/en\/wp-json\/wp\/v2\/product"}],"about":[{"href":"https:\/\/petityu.com\/en\/wp-json\/wp\/v2\/types\/product"}],"wp:featuredmedia":[{"embeddable":true,"href":"https:\/\/petityu.com\/en\/wp-json\/wp\/v2\/media\/7979"}],"wp:attachment":[{"href":"https:\/\/petityu.com\/en\/wp-json\/wp\/v2\/media?parent=7978"}],"wp:term":[{"taxonomy":"product_brand","embeddable":true,"href":"https:\/\/petityu.com\/en\/wp-json\/wp\/v2\/product_brand?post=7978"},{"taxonomy":"product_cat","embeddable":true,"href":"https:\/\/petityu.com\/en\/wp-json\/wp\/v2\/product_cat?post=7978"},{"taxonomy":"product_tag","embeddable":true,"href":"https:\/\/petityu.com\/en\/wp-json\/wp\/v2\/product_tag?post=7978"}],"curies":[{"name":"wp","href":"https:\/\/api.w.org\/{rel}","templated":true}]}}