{"id":7990,"date":"2024-12-06T16:17:27","date_gmt":"2024-12-06T13:17:27","guid":{"rendered":"https:\/\/petityu.com\/?post_type=product&#038;p=7990"},"modified":"2026-04-13T22:55:22","modified_gmt":"2026-04-13T19:55:22","slug":"petityu-catsdogs-kedi-kopek-desenli-ici-polar-astarli-kalin-kiz-cocuk-mont-kaban","status":"publish","type":"product","link":"https:\/\/petityu.com\/en\/petityu-catsdogs-kedi-kopek-desenli-ici-polar-astarli-kalin-kiz-cocuk-mont-kaban\/","title":{"rendered":"Petityu Cats&amp;Dogs Kedi K\u00f6pek Desenli \u0130\u00e7i Polar Astarl\u0131 Kal\u0131n K\u0131z \u00c7ocuk Mont Kaban"},"content":{"rendered":"<p><p>\u00c7ocuklar\u0131n so\u011fuk havalarda s\u0131cak ve konforlu hissetmelerini sa\u011flayan orta kal\u0131nl\u0131kta polar astarl\u0131 mont, her t\u00fcrl\u00fc hava ko\u015fulunda ideal koruma sunar.; Sevimli hayvan desenleriyle s\u00fcslenmi\u015f bu mont, \u00e7ocuklar\u0131n ilgisini \u00e7ekerken ayn\u0131 zamanda stil sahibi bir g\u00f6r\u00fcn\u00fcm kazand\u0131r\u0131r.; Hafif orta kal\u0131nl\u0131kta kuma\u015f\u0131 sayesinde \u00e7ocuklar\u0131n hareket \u00f6zg\u00fcrl\u00fc\u011f\u00fcn\u00fc k\u0131s\u0131tlamaz ve rahat\u00e7a oyun oynayabilirler.; \u00c7ocuklara \u00f6zel olarak tasarlanm\u0131\u015f bu mont, onlar\u0131n ya\u015f gruplar\u0131na uygun \u015fekilde \u00fcretilmi\u015ftir; b\u00f6ylece b\u00fcy\u00fcyen v\u00fccut yap\u0131lar\u0131na g\u00f6re rahat\u00e7a uyum sa\u011flar.;<\/p><\/p>","protected":false},"excerpt":{"rendered":"<p>\u00c7ocuklar\u0131n so\u011fuk havalarda s\u0131cak ve konforlu hissetmelerini sa\u011flayan orta kal\u0131nl\u0131kta polar astarl\u0131 mont, her t\u00fcrl\u00fc hava ko\u015fulunda ideal koruma sunar.; Sevimli hayvan desenleriyle s\u00fcslenmi\u015f bu&hellip;<\/p>","protected":false},"featured_media":7989,"template":"","meta":[],"product_brand":[],"product_cat":[983],"product_tag":[],"class_list":{"0":"post-7990","1":"product","2":"type-product","3":"status-publish","4":"has-post-thumbnail","6":"product_cat-mont-puffy-yelek","8":"first","9":"instock","10":"taxable","11":"shipping-taxable","12":"purchasable","13":"product-type-variable"},"_links":{"self":[{"href":"https:\/\/petityu.com\/en\/wp-json\/wp\/v2\/product\/7990","targetHints":{"allow":["GET"]}}],"collection":[{"href":"https:\/\/petityu.com\/en\/wp-json\/wp\/v2\/product"}],"about":[{"href":"https:\/\/petityu.com\/en\/wp-json\/wp\/v2\/types\/product"}],"wp:featuredmedia":[{"embeddable":true,"href":"https:\/\/petityu.com\/en\/wp-json\/wp\/v2\/media\/7989"}],"wp:attachment":[{"href":"https:\/\/petityu.com\/en\/wp-json\/wp\/v2\/media?parent=7990"}],"wp:term":[{"taxonomy":"product_brand","embeddable":true,"href":"https:\/\/petityu.com\/en\/wp-json\/wp\/v2\/product_brand?post=7990"},{"taxonomy":"product_cat","embeddable":true,"href":"https:\/\/petityu.com\/en\/wp-json\/wp\/v2\/product_cat?post=7990"},{"taxonomy":"product_tag","embeddable":true,"href":"https:\/\/petityu.com\/en\/wp-json\/wp\/v2\/product_tag?post=7990"}],"curies":[{"name":"wp","href":"https:\/\/api.w.org\/{rel}","templated":true}]}}