{"id":7998,"date":"2024-12-06T16:40:12","date_gmt":"2024-12-06T13:40:12","guid":{"rendered":"https:\/\/petityu.com\/?post_type=product&#038;p=7998"},"modified":"2025-12-07T22:28:43","modified_gmt":"2025-12-07T19:28:43","slug":"petityu-kuromi-yumusacik-sicacik-tutan-mor-cocuk-atki","status":"publish","type":"product","link":"https:\/\/petityu.com\/en\/petityu-kuromi-yumusacik-sicacik-tutan-mor-cocuk-atki\/","title":{"rendered":"Petityu Kuromi Yumu\u015fac\u0131k S\u0131cac\u0131k Tutan Mor \u00c7ocuk Atk\u0131"},"content":{"rendered":"<p><p>Kuromi Mor Renk S\u0131cak Tutan K\u0131z &Ccedil;ocuk Atk\u0131<\/p><\/p>","protected":false},"excerpt":{"rendered":"<p>Kuromi Mor Renk S\u0131cak Tutan K\u0131z &Ccedil;ocuk Atk\u0131<\/p>","protected":false},"featured_media":8000,"template":"","meta":[],"product_brand":[],"product_cat":[981],"product_tag":[],"class_list":{"0":"post-7998","1":"product","2":"type-product","3":"status-publish","4":"has-post-thumbnail","6":"product_cat-bere-atki-eldiven","8":"first","9":"instock","10":"taxable","11":"shipping-taxable","12":"purchasable","13":"product-type-simple"},"_links":{"self":[{"href":"https:\/\/petityu.com\/en\/wp-json\/wp\/v2\/product\/7998","targetHints":{"allow":["GET"]}}],"collection":[{"href":"https:\/\/petityu.com\/en\/wp-json\/wp\/v2\/product"}],"about":[{"href":"https:\/\/petityu.com\/en\/wp-json\/wp\/v2\/types\/product"}],"wp:featuredmedia":[{"embeddable":true,"href":"https:\/\/petityu.com\/en\/wp-json\/wp\/v2\/media\/8000"}],"wp:attachment":[{"href":"https:\/\/petityu.com\/en\/wp-json\/wp\/v2\/media?parent=7998"}],"wp:term":[{"taxonomy":"product_brand","embeddable":true,"href":"https:\/\/petityu.com\/en\/wp-json\/wp\/v2\/product_brand?post=7998"},{"taxonomy":"product_cat","embeddable":true,"href":"https:\/\/petityu.com\/en\/wp-json\/wp\/v2\/product_cat?post=7998"},{"taxonomy":"product_tag","embeddable":true,"href":"https:\/\/petityu.com\/en\/wp-json\/wp\/v2\/product_tag?post=7998"}],"curies":[{"name":"wp","href":"https:\/\/api.w.org\/{rel}","templated":true}]}}