{"id":8001,"date":"2024-12-06T16:48:24","date_gmt":"2024-12-06T13:48:24","guid":{"rendered":"https:\/\/petityu.com\/?post_type=product&#038;p=8001"},"modified":"2026-01-21T15:54:21","modified_gmt":"2026-01-21T12:54:21","slug":"petityu-my-melody-sicacik-tutan-yumusacik-pembe-cocuk-atki","status":"publish","type":"product","link":"https:\/\/petityu.com\/en\/petityu-my-melody-sicacik-tutan-yumusacik-pembe-cocuk-atki\/","title":{"rendered":"Petityu My Melody S\u0131cac\u0131k Tutan Yumu\u015fac\u0131k Pembe \u00c7ocuk Atk\u0131"},"content":{"rendered":"<p><p>My Melody Pembe Renk Yumu\u015fac\u0131k K\u0131z \u00c7ocuk Atk\u0131<\/p><\/p>","protected":false},"excerpt":{"rendered":"<p>My Melody Pembe Renk Yumu\u015fac\u0131k K\u0131z \u00c7ocuk Atk\u0131<\/p>","protected":false},"featured_media":8003,"template":"","meta":[],"product_brand":[],"product_cat":[981],"product_tag":[],"class_list":{"0":"post-8001","1":"product","2":"type-product","3":"status-publish","4":"has-post-thumbnail","6":"product_cat-bere-atki-eldiven","8":"first","9":"outofstock","10":"taxable","11":"shipping-taxable","12":"purchasable","13":"product-type-simple"},"_links":{"self":[{"href":"https:\/\/petityu.com\/en\/wp-json\/wp\/v2\/product\/8001","targetHints":{"allow":["GET"]}}],"collection":[{"href":"https:\/\/petityu.com\/en\/wp-json\/wp\/v2\/product"}],"about":[{"href":"https:\/\/petityu.com\/en\/wp-json\/wp\/v2\/types\/product"}],"wp:featuredmedia":[{"embeddable":true,"href":"https:\/\/petityu.com\/en\/wp-json\/wp\/v2\/media\/8003"}],"wp:attachment":[{"href":"https:\/\/petityu.com\/en\/wp-json\/wp\/v2\/media?parent=8001"}],"wp:term":[{"taxonomy":"product_brand","embeddable":true,"href":"https:\/\/petityu.com\/en\/wp-json\/wp\/v2\/product_brand?post=8001"},{"taxonomy":"product_cat","embeddable":true,"href":"https:\/\/petityu.com\/en\/wp-json\/wp\/v2\/product_cat?post=8001"},{"taxonomy":"product_tag","embeddable":true,"href":"https:\/\/petityu.com\/en\/wp-json\/wp\/v2\/product_tag?post=8001"}],"curies":[{"name":"wp","href":"https:\/\/api.w.org\/{rel}","templated":true}]}}