{"id":8004,"date":"2024-12-10T15:16:58","date_gmt":"2024-12-10T12:16:58","guid":{"rendered":"https:\/\/petityu.com\/?post_type=product&#038;p=8004"},"modified":"2026-01-09T15:26:15","modified_gmt":"2026-01-09T12:26:15","slug":"petityu-koyu-gri-polar-yumusacik-sicacik-cocuk-bere-eldiven-set","status":"publish","type":"product","link":"https:\/\/petityu.com\/en\/petityu-koyu-gri-polar-yumusacik-sicacik-cocuk-bere-eldiven-set\/","title":{"rendered":"Petityu Koyu Gri Polar Yumu\u015fac\u0131k S\u0131cac\u0131k \u00c7ocuk Bere Eldiven Set"},"content":{"rendered":"<p>Koyu Gri Polar Yumu\u015fac\u0131k S\u0131cac\u0131k \u00c7ocuk Bere Eldiven Set<\/p>","protected":false},"excerpt":{"rendered":"<p>Koyu Gri Polar Yumu\u015fac\u0131k S\u0131cac\u0131k \u00c7ocuk Bere Eldiven Set<\/p>","protected":false},"featured_media":8005,"template":"","meta":[],"product_brand":[],"product_cat":[15],"product_tag":[],"class_list":{"0":"post-8004","1":"product","2":"type-product","3":"status-publish","4":"has-post-thumbnail","6":"product_cat-genel","8":"first","9":"instock","10":"taxable","11":"shipping-taxable","12":"purchasable","13":"product-type-variable"},"_links":{"self":[{"href":"https:\/\/petityu.com\/en\/wp-json\/wp\/v2\/product\/8004","targetHints":{"allow":["GET"]}}],"collection":[{"href":"https:\/\/petityu.com\/en\/wp-json\/wp\/v2\/product"}],"about":[{"href":"https:\/\/petityu.com\/en\/wp-json\/wp\/v2\/types\/product"}],"wp:featuredmedia":[{"embeddable":true,"href":"https:\/\/petityu.com\/en\/wp-json\/wp\/v2\/media\/8005"}],"wp:attachment":[{"href":"https:\/\/petityu.com\/en\/wp-json\/wp\/v2\/media?parent=8004"}],"wp:term":[{"taxonomy":"product_brand","embeddable":true,"href":"https:\/\/petityu.com\/en\/wp-json\/wp\/v2\/product_brand?post=8004"},{"taxonomy":"product_cat","embeddable":true,"href":"https:\/\/petityu.com\/en\/wp-json\/wp\/v2\/product_cat?post=8004"},{"taxonomy":"product_tag","embeddable":true,"href":"https:\/\/petityu.com\/en\/wp-json\/wp\/v2\/product_tag?post=8004"}],"curies":[{"name":"wp","href":"https:\/\/api.w.org\/{rel}","templated":true}]}}