{"id":8022,"date":"2024-12-11T23:35:10","date_gmt":"2024-12-11T20:35:10","guid":{"rendered":"https:\/\/petityu.com\/?post_type=product&#038;p=8022"},"modified":"2026-02-19T16:56:59","modified_gmt":"2026-02-19T13:56:59","slug":"petityu-my-melody-cift-tarafli-giyilebilen-polar-icli-pembe-sirin-kiz-cocuk-mont","status":"publish","type":"product","link":"https:\/\/petityu.com\/en\/petityu-my-melody-cift-tarafli-giyilebilen-polar-icli-pembe-sirin-kiz-cocuk-mont\/","title":{"rendered":"Petityu My Melody \u00e7ift tarafl\u0131 giyilebilen polar i\u00e7li pembe \u015firin k\u0131z \u00e7ocuk mont"},"content":{"rendered":"<p><p>Petityu My Melody \u00e7ift tarafl\u0131 kullan\u0131labilir polarl\u0131 a\u015f\u0131r\u0131 \u015firin s\u0131cak tutan mont<\/p><br \/>\n<p>my melody pembe k\u0131z cocuk mont<\/p><br \/>\n<p>\u00e7ift tarafl\u0131 \u00f6ont<\/p><br \/>\n<p>k\u0131z \u00e7ocuk polar astarl\u0131 mont<\/p><br \/>\n<p>&nbsp;<\/p><\/p>","protected":false},"excerpt":{"rendered":"<p>Petityu My Melody \u00e7ift tarafl\u0131 kullan\u0131labilir polarl\u0131 a\u015f\u0131r\u0131 \u015firin s\u0131cak tutan mont my melody pembe k\u0131z cocuk mont \u00e7ift tarafl\u0131 \u00f6ont k\u0131z \u00e7ocuk polar astarl\u0131&hellip;<\/p>","protected":false},"featured_media":8024,"template":"","meta":[],"product_brand":[],"product_cat":[15],"product_tag":[],"class_list":{"0":"post-8022","1":"product","2":"type-product","3":"status-publish","4":"has-post-thumbnail","6":"product_cat-genel","8":"first","9":"instock","10":"taxable","11":"shipping-taxable","12":"purchasable","13":"product-type-variable"},"_links":{"self":[{"href":"https:\/\/petityu.com\/en\/wp-json\/wp\/v2\/product\/8022","targetHints":{"allow":["GET"]}}],"collection":[{"href":"https:\/\/petityu.com\/en\/wp-json\/wp\/v2\/product"}],"about":[{"href":"https:\/\/petityu.com\/en\/wp-json\/wp\/v2\/types\/product"}],"wp:featuredmedia":[{"embeddable":true,"href":"https:\/\/petityu.com\/en\/wp-json\/wp\/v2\/media\/8024"}],"wp:attachment":[{"href":"https:\/\/petityu.com\/en\/wp-json\/wp\/v2\/media?parent=8022"}],"wp:term":[{"taxonomy":"product_brand","embeddable":true,"href":"https:\/\/petityu.com\/en\/wp-json\/wp\/v2\/product_brand?post=8022"},{"taxonomy":"product_cat","embeddable":true,"href":"https:\/\/petityu.com\/en\/wp-json\/wp\/v2\/product_cat?post=8022"},{"taxonomy":"product_tag","embeddable":true,"href":"https:\/\/petityu.com\/en\/wp-json\/wp\/v2\/product_tag?post=8022"}],"curies":[{"name":"wp","href":"https:\/\/api.w.org\/{rel}","templated":true}]}}