{"id":8033,"date":"2024-12-20T13:53:08","date_gmt":"2024-12-20T10:53:08","guid":{"rendered":"https:\/\/petityu.com\/petityu-elfli-sirinyilbasi-corabi-4-12-yas\/"},"modified":"2026-01-10T20:46:23","modified_gmt":"2026-01-10T17:46:23","slug":"petityu-elfli-sirinyilbasi-corabi-4-12-yas","status":"publish","type":"product","link":"https:\/\/petityu.com\/en\/petityu-elfli-sirinyilbasi-corabi-4-12-yas\/","title":{"rendered":"Petityu Elfli \u015eirinY\u0131lba\u015f\u0131 \u00c7orab\u0131 4-12 Ya\u015f"},"content":{"rendered":"<p>Elfli \u015eirin Y\u0131lba\u015f\u0131 &Ccedil;orab\u0131<\/p>\n<p>4-12 Ya\u015f<\/p>","protected":false},"excerpt":{"rendered":"<p>Elfli \u015eirin Y\u0131lba\u015f\u0131 &Ccedil;orab\u0131 4-12 Ya\u015f<\/p>","protected":false},"featured_media":8035,"template":"","meta":[],"product_brand":[],"product_cat":[15],"product_tag":[],"class_list":{"0":"post-8033","1":"product","2":"type-product","3":"status-publish","4":"has-post-thumbnail","6":"product_cat-genel","8":"first","9":"instock","10":"taxable","11":"shipping-taxable","12":"purchasable","13":"product-type-simple"},"_links":{"self":[{"href":"https:\/\/petityu.com\/en\/wp-json\/wp\/v2\/product\/8033","targetHints":{"allow":["GET"]}}],"collection":[{"href":"https:\/\/petityu.com\/en\/wp-json\/wp\/v2\/product"}],"about":[{"href":"https:\/\/petityu.com\/en\/wp-json\/wp\/v2\/types\/product"}],"wp:featuredmedia":[{"embeddable":true,"href":"https:\/\/petityu.com\/en\/wp-json\/wp\/v2\/media\/8035"}],"wp:attachment":[{"href":"https:\/\/petityu.com\/en\/wp-json\/wp\/v2\/media?parent=8033"}],"wp:term":[{"taxonomy":"product_brand","embeddable":true,"href":"https:\/\/petityu.com\/en\/wp-json\/wp\/v2\/product_brand?post=8033"},{"taxonomy":"product_cat","embeddable":true,"href":"https:\/\/petityu.com\/en\/wp-json\/wp\/v2\/product_cat?post=8033"},{"taxonomy":"product_tag","embeddable":true,"href":"https:\/\/petityu.com\/en\/wp-json\/wp\/v2\/product_tag?post=8033"}],"curies":[{"name":"wp","href":"https:\/\/api.w.org\/{rel}","templated":true}]}}