{"id":8036,"date":"2024-12-20T15:08:38","date_gmt":"2024-12-20T12:08:38","guid":{"rendered":"https:\/\/petityu.com\/petityu-pelus-kulaklikli-kopek-desenli-corap-4-12-yas\/"},"modified":"2025-12-07T22:21:09","modified_gmt":"2025-12-07T19:21:09","slug":"petityu-pelus-kulaklikli-kopek-desenli-corap-4-12-yas","status":"publish","type":"product","link":"https:\/\/petityu.com\/en\/petityu-pelus-kulaklikli-kopek-desenli-corap-4-12-yas\/","title":{"rendered":"Petityu Pelu\u015f Kulakl\u0131kl\u0131 K\u00f6pek Desenli \u00c7orap 4-12 Ya\u015f"},"content":{"rendered":"<p>Pelu\u015f Kulakl\u0131kl\u0131 K&ouml;pek Desenli &Ccedil;orap<\/p>\n<p>4-12 Ya\u015f<\/p>","protected":false},"excerpt":{"rendered":"<p>Pelu\u015f Kulakl\u0131kl\u0131 K&ouml;pek Desenli &Ccedil;orap 4-12 Ya\u015f<\/p>","protected":false},"featured_media":8038,"template":"","meta":[],"product_brand":[],"product_cat":[15],"product_tag":[],"class_list":{"0":"post-8036","1":"product","2":"type-product","3":"status-publish","4":"has-post-thumbnail","6":"product_cat-genel","8":"first","9":"instock","10":"taxable","11":"shipping-taxable","12":"purchasable","13":"product-type-simple"},"_links":{"self":[{"href":"https:\/\/petityu.com\/en\/wp-json\/wp\/v2\/product\/8036","targetHints":{"allow":["GET"]}}],"collection":[{"href":"https:\/\/petityu.com\/en\/wp-json\/wp\/v2\/product"}],"about":[{"href":"https:\/\/petityu.com\/en\/wp-json\/wp\/v2\/types\/product"}],"wp:featuredmedia":[{"embeddable":true,"href":"https:\/\/petityu.com\/en\/wp-json\/wp\/v2\/media\/8038"}],"wp:attachment":[{"href":"https:\/\/petityu.com\/en\/wp-json\/wp\/v2\/media?parent=8036"}],"wp:term":[{"taxonomy":"product_brand","embeddable":true,"href":"https:\/\/petityu.com\/en\/wp-json\/wp\/v2\/product_brand?post=8036"},{"taxonomy":"product_cat","embeddable":true,"href":"https:\/\/petityu.com\/en\/wp-json\/wp\/v2\/product_cat?post=8036"},{"taxonomy":"product_tag","embeddable":true,"href":"https:\/\/petityu.com\/en\/wp-json\/wp\/v2\/product_tag?post=8036"}],"curies":[{"name":"wp","href":"https:\/\/api.w.org\/{rel}","templated":true}]}}