{"id":8046,"date":"2024-12-25T14:45:24","date_gmt":"2024-12-25T11:45:24","guid":{"rendered":"https:\/\/petityu.com\/petityu-kislik-sirin-sicak-tutan-kardan-adam-su-gecirmez-eldiven\/"},"modified":"2025-12-08T16:34:39","modified_gmt":"2025-12-08T13:34:39","slug":"petityu-kislik-sirin-sicak-tutan-kardan-adam-su-gecirmez-eldiven","status":"publish","type":"product","link":"https:\/\/petityu.com\/en\/petityu-kislik-sirin-sicak-tutan-kardan-adam-su-gecirmez-eldiven\/","title":{"rendered":"Petityu K\u0131\u015fl\u0131k \u015eirin S\u0131cak Tutan Kardan Adam Su Ge\u00e7irmez Eldiven"},"content":{"rendered":"<p><p>Kardan adam desenli su ge\u00e7irmez s\u0131cac\u0131k tutan eldiven<\/p><\/p>","protected":false},"excerpt":{"rendered":"<p>Kardan adam desenli su ge\u00e7irmez s\u0131cac\u0131k tutan eldiven<\/p>","protected":false},"featured_media":8048,"template":"","meta":[],"product_brand":[],"product_cat":[15],"product_tag":[],"class_list":{"0":"post-8046","1":"product","2":"type-product","3":"status-publish","4":"has-post-thumbnail","6":"product_cat-genel","8":"first","9":"outofstock","10":"taxable","11":"shipping-taxable","12":"purchasable","13":"product-type-variable"},"_links":{"self":[{"href":"https:\/\/petityu.com\/en\/wp-json\/wp\/v2\/product\/8046","targetHints":{"allow":["GET"]}}],"collection":[{"href":"https:\/\/petityu.com\/en\/wp-json\/wp\/v2\/product"}],"about":[{"href":"https:\/\/petityu.com\/en\/wp-json\/wp\/v2\/types\/product"}],"wp:featuredmedia":[{"embeddable":true,"href":"https:\/\/petityu.com\/en\/wp-json\/wp\/v2\/media\/8048"}],"wp:attachment":[{"href":"https:\/\/petityu.com\/en\/wp-json\/wp\/v2\/media?parent=8046"}],"wp:term":[{"taxonomy":"product_brand","embeddable":true,"href":"https:\/\/petityu.com\/en\/wp-json\/wp\/v2\/product_brand?post=8046"},{"taxonomy":"product_cat","embeddable":true,"href":"https:\/\/petityu.com\/en\/wp-json\/wp\/v2\/product_cat?post=8046"},{"taxonomy":"product_tag","embeddable":true,"href":"https:\/\/petityu.com\/en\/wp-json\/wp\/v2\/product_tag?post=8046"}],"curies":[{"name":"wp","href":"https:\/\/api.w.org\/{rel}","templated":true}]}}