{"id":8052,"date":"2024-12-25T15:11:41","date_gmt":"2024-12-25T12:11:41","guid":{"rendered":"https:\/\/petityu.com\/petityu-kahverengi-dinolar-sicacik-tutan-ici-kurklu-su-gecirmez-erkek-cocuk-eldiven\/"},"modified":"2026-03-15T13:06:50","modified_gmt":"2026-03-15T10:06:50","slug":"petityu-kahverengi-dinolar-sicacik-tutan-ici-kurklu-su-gecirmez-erkek-cocuk-eldiven","status":"publish","type":"product","link":"https:\/\/petityu.com\/en\/petityu-kahverengi-dinolar-sicacik-tutan-ici-kurklu-su-gecirmez-erkek-cocuk-eldiven\/","title":{"rendered":"Petityu Kahverengi Dinolar S\u0131cac\u0131k Tutan \u0130\u00e7i K\u00fcrkl\u00fc Su Ge\u00e7irmez Erkek \u00c7ocuk Eldiven"},"content":{"rendered":"<p><p>Kahverengi \u0130\u00e7i K\u00fcrkl\u00fc Su Ge\u00e7irmez Erkek \u00c7ocuk Eldiven<\/p><\/p>","protected":false},"excerpt":{"rendered":"<p>Kahverengi \u0130\u00e7i K\u00fcrkl\u00fc Su Ge\u00e7irmez Erkek \u00c7ocuk Eldiven<\/p>","protected":false},"featured_media":8051,"template":"","meta":[],"product_brand":[],"product_cat":[997],"product_tag":[],"class_list":{"0":"post-8052","1":"product","2":"type-product","3":"status-publish","4":"has-post-thumbnail","6":"product_cat-atki-bere-eldiven","8":"first","9":"instock","10":"taxable","11":"shipping-taxable","12":"purchasable","13":"product-type-variable"},"_links":{"self":[{"href":"https:\/\/petityu.com\/en\/wp-json\/wp\/v2\/product\/8052","targetHints":{"allow":["GET"]}}],"collection":[{"href":"https:\/\/petityu.com\/en\/wp-json\/wp\/v2\/product"}],"about":[{"href":"https:\/\/petityu.com\/en\/wp-json\/wp\/v2\/types\/product"}],"wp:featuredmedia":[{"embeddable":true,"href":"https:\/\/petityu.com\/en\/wp-json\/wp\/v2\/media\/8051"}],"wp:attachment":[{"href":"https:\/\/petityu.com\/en\/wp-json\/wp\/v2\/media?parent=8052"}],"wp:term":[{"taxonomy":"product_brand","embeddable":true,"href":"https:\/\/petityu.com\/en\/wp-json\/wp\/v2\/product_brand?post=8052"},{"taxonomy":"product_cat","embeddable":true,"href":"https:\/\/petityu.com\/en\/wp-json\/wp\/v2\/product_cat?post=8052"},{"taxonomy":"product_tag","embeddable":true,"href":"https:\/\/petityu.com\/en\/wp-json\/wp\/v2\/product_tag?post=8052"}],"curies":[{"name":"wp","href":"https:\/\/api.w.org\/{rel}","templated":true}]}}