{"id":8058,"date":"2024-12-26T13:40:10","date_gmt":"2024-12-26T10:40:10","guid":{"rendered":"https:\/\/petityu.com\/petityu-space-uzayli-dino-sicacik-tutan-orme-sari-sirin-eldiven-3-6-yas\/"},"modified":"2026-01-20T15:40:57","modified_gmt":"2026-01-20T12:40:57","slug":"petityu-space-uzayli-dino-sicacik-tutan-orme-sari-sirin-eldiven-3-6-yas","status":"publish","type":"product","link":"https:\/\/petityu.com\/en\/petityu-space-uzayli-dino-sicacik-tutan-orme-sari-sirin-eldiven-3-6-yas\/","title":{"rendered":"Petityu Space Uzayl\u0131 Dino S\u0131cac\u0131k Tutan \u00d6rme Sar\u0131 \u015eirin Eldiven 3-6 Ya\u015f"},"content":{"rendered":"<p><p>Space uzay dino desenli s\u0131cac\u0131k tutan \u00f6rme eldiven<\/p><br \/>\n<p>Sar\u0131<\/p><br \/>\n<p>3-6 ya\u015f<\/p><\/p>","protected":false},"excerpt":{"rendered":"<p>Space uzay dino desenli s\u0131cac\u0131k tutan \u00f6rme eldiven Sar\u0131 3-6 ya\u015f<\/p>","protected":false},"featured_media":8059,"template":"","meta":[],"product_brand":[],"product_cat":[15],"product_tag":[],"class_list":{"0":"post-8058","1":"product","2":"type-product","3":"status-publish","4":"has-post-thumbnail","6":"product_cat-genel","8":"first","9":"outofstock","10":"taxable","11":"shipping-taxable","12":"purchasable","13":"product-type-simple"},"_links":{"self":[{"href":"https:\/\/petityu.com\/en\/wp-json\/wp\/v2\/product\/8058","targetHints":{"allow":["GET"]}}],"collection":[{"href":"https:\/\/petityu.com\/en\/wp-json\/wp\/v2\/product"}],"about":[{"href":"https:\/\/petityu.com\/en\/wp-json\/wp\/v2\/types\/product"}],"wp:featuredmedia":[{"embeddable":true,"href":"https:\/\/petityu.com\/en\/wp-json\/wp\/v2\/media\/8059"}],"wp:attachment":[{"href":"https:\/\/petityu.com\/en\/wp-json\/wp\/v2\/media?parent=8058"}],"wp:term":[{"taxonomy":"product_brand","embeddable":true,"href":"https:\/\/petityu.com\/en\/wp-json\/wp\/v2\/product_brand?post=8058"},{"taxonomy":"product_cat","embeddable":true,"href":"https:\/\/petityu.com\/en\/wp-json\/wp\/v2\/product_cat?post=8058"},{"taxonomy":"product_tag","embeddable":true,"href":"https:\/\/petityu.com\/en\/wp-json\/wp\/v2\/product_tag?post=8058"}],"curies":[{"name":"wp","href":"https:\/\/api.w.org\/{rel}","templated":true}]}}