{"id":8061,"date":"2024-12-26T13:49:07","date_gmt":"2024-12-26T10:49:07","guid":{"rendered":"https:\/\/petityu.com\/petityu-space-uzayli-dino-sicacik-tutan-yesil-orme-sirin-eldiven-3-6-yas\/"},"modified":"2026-02-26T14:52:41","modified_gmt":"2026-02-26T11:52:41","slug":"petityu-space-uzayli-dino-sicacik-tutan-yesil-orme-sirin-eldiven-3-6-yas","status":"publish","type":"product","link":"https:\/\/petityu.com\/en\/petityu-space-uzayli-dino-sicacik-tutan-yesil-orme-sirin-eldiven-3-6-yas\/","title":{"rendered":"Petityu Space Uzayl\u0131 Dino S\u0131cac\u0131k Tutan Ye\u015fil \u00d6rme \u015eirin Eldiven 3-6 Ya\u015f"},"content":{"rendered":"<p><p>Space uzay dino desenli s\u0131cac\u0131k tutan \u00f6rme eldiven<\/p><br \/>\n<p>Ye\u015fil renk<\/p><br \/>\n<p>3-6 ya\u015f<\/p><\/p>","protected":false},"excerpt":{"rendered":"<p>Space uzay dino desenli s\u0131cac\u0131k tutan \u00f6rme eldiven Ye\u015fil renk 3-6 ya\u015f<\/p>","protected":false},"featured_media":8063,"template":"","meta":[],"product_brand":[],"product_cat":[15],"product_tag":[],"class_list":{"0":"post-8061","1":"product","2":"type-product","3":"status-publish","4":"has-post-thumbnail","6":"product_cat-genel","8":"first","9":"instock","10":"taxable","11":"shipping-taxable","12":"purchasable","13":"product-type-simple"},"_links":{"self":[{"href":"https:\/\/petityu.com\/en\/wp-json\/wp\/v2\/product\/8061","targetHints":{"allow":["GET"]}}],"collection":[{"href":"https:\/\/petityu.com\/en\/wp-json\/wp\/v2\/product"}],"about":[{"href":"https:\/\/petityu.com\/en\/wp-json\/wp\/v2\/types\/product"}],"wp:featuredmedia":[{"embeddable":true,"href":"https:\/\/petityu.com\/en\/wp-json\/wp\/v2\/media\/8063"}],"wp:attachment":[{"href":"https:\/\/petityu.com\/en\/wp-json\/wp\/v2\/media?parent=8061"}],"wp:term":[{"taxonomy":"product_brand","embeddable":true,"href":"https:\/\/petityu.com\/en\/wp-json\/wp\/v2\/product_brand?post=8061"},{"taxonomy":"product_cat","embeddable":true,"href":"https:\/\/petityu.com\/en\/wp-json\/wp\/v2\/product_cat?post=8061"},{"taxonomy":"product_tag","embeddable":true,"href":"https:\/\/petityu.com\/en\/wp-json\/wp\/v2\/product_tag?post=8061"}],"curies":[{"name":"wp","href":"https:\/\/api.w.org\/{rel}","templated":true}]}}