{"id":8064,"date":"2024-12-26T14:56:55","date_gmt":"2024-12-26T11:56:55","guid":{"rendered":"https:\/\/petityu.com\/petityu-uzun-kollu-pembe-tutu-kiz-cocuk-dogumgunu-elbisesi\/"},"modified":"2026-03-11T12:08:04","modified_gmt":"2026-03-11T09:08:04","slug":"petityu-uzun-kollu-pembe-tutu-kiz-cocuk-dogumgunu-elbisesi","status":"publish","type":"product","link":"https:\/\/petityu.com\/en\/petityu-uzun-kollu-pembe-tutu-kiz-cocuk-dogumgunu-elbisesi\/","title":{"rendered":"Petityu Uzun Kollu Pembe Tutu K\u0131z \u00c7ocuk Do\u011fumg\u00fcn\u00fc Elbisesi"},"content":{"rendered":"<p><p>Uzun kollu pembe tutu k\u0131z &ccedil;ocuk do\u011fumg&uuml;n&uuml; elbisesi<\/p><\/p>","protected":false},"excerpt":{"rendered":"<p>Uzun kollu pembe tutu k\u0131z &ccedil;ocuk do\u011fumg&uuml;n&uuml; elbisesi<\/p>","protected":false},"featured_media":8069,"template":"","meta":[],"product_brand":[],"product_cat":[972],"product_tag":[],"class_list":{"0":"post-8064","1":"product","2":"type-product","3":"status-publish","4":"has-post-thumbnail","6":"product_cat-elbise","8":"first","9":"outofstock","10":"taxable","11":"shipping-taxable","12":"purchasable","13":"product-type-variable"},"_links":{"self":[{"href":"https:\/\/petityu.com\/en\/wp-json\/wp\/v2\/product\/8064","targetHints":{"allow":["GET"]}}],"collection":[{"href":"https:\/\/petityu.com\/en\/wp-json\/wp\/v2\/product"}],"about":[{"href":"https:\/\/petityu.com\/en\/wp-json\/wp\/v2\/types\/product"}],"wp:featuredmedia":[{"embeddable":true,"href":"https:\/\/petityu.com\/en\/wp-json\/wp\/v2\/media\/8069"}],"wp:attachment":[{"href":"https:\/\/petityu.com\/en\/wp-json\/wp\/v2\/media?parent=8064"}],"wp:term":[{"taxonomy":"product_brand","embeddable":true,"href":"https:\/\/petityu.com\/en\/wp-json\/wp\/v2\/product_brand?post=8064"},{"taxonomy":"product_cat","embeddable":true,"href":"https:\/\/petityu.com\/en\/wp-json\/wp\/v2\/product_cat?post=8064"},{"taxonomy":"product_tag","embeddable":true,"href":"https:\/\/petityu.com\/en\/wp-json\/wp\/v2\/product_tag?post=8064"}],"curies":[{"name":"wp","href":"https:\/\/api.w.org\/{rel}","templated":true}]}}