{"id":8071,"date":"2024-12-26T16:31:07","date_gmt":"2024-12-26T13:31:07","guid":{"rendered":"https:\/\/petityu.com\/petityu-unicorn-aplikeli-mint-kiz-cocuk-sweatshirt-elbise\/"},"modified":"2026-03-30T13:49:15","modified_gmt":"2026-03-30T10:49:15","slug":"petityu-unicorn-aplikeli-mint-kiz-cocuk-sweatshirt-elbise","status":"publish","type":"product","link":"https:\/\/petityu.com\/en\/petityu-unicorn-aplikeli-mint-kiz-cocuk-sweatshirt-elbise\/","title":{"rendered":"Petityu Unicorn Aplikeli Mint K\u0131z \u00c7ocuk Sweatshirt Elbise"},"content":{"rendered":"<p><p>Unicorn aplikeli<\/p><br \/>\n<p>Mint ye\u015fili<\/p><br \/>\n<p>Kap\u015fonlu<\/p><br \/>\n<p>K\u0131z \u00e7ocuk sweatshirt elbise<\/p><\/p>","protected":false},"excerpt":{"rendered":"<p>Unicorn aplikeli Mint ye\u015fili Kap\u015fonlu K\u0131z \u00e7ocuk sweatshirt elbise<\/p>","protected":false},"featured_media":8070,"template":"","meta":[],"product_brand":[],"product_cat":[972],"product_tag":[],"class_list":{"0":"post-8071","1":"product","2":"type-product","3":"status-publish","4":"has-post-thumbnail","6":"product_cat-elbise","8":"first","9":"instock","10":"taxable","11":"shipping-taxable","12":"purchasable","13":"product-type-variable"},"_links":{"self":[{"href":"https:\/\/petityu.com\/en\/wp-json\/wp\/v2\/product\/8071","targetHints":{"allow":["GET"]}}],"collection":[{"href":"https:\/\/petityu.com\/en\/wp-json\/wp\/v2\/product"}],"about":[{"href":"https:\/\/petityu.com\/en\/wp-json\/wp\/v2\/types\/product"}],"wp:featuredmedia":[{"embeddable":true,"href":"https:\/\/petityu.com\/en\/wp-json\/wp\/v2\/media\/8070"}],"wp:attachment":[{"href":"https:\/\/petityu.com\/en\/wp-json\/wp\/v2\/media?parent=8071"}],"wp:term":[{"taxonomy":"product_brand","embeddable":true,"href":"https:\/\/petityu.com\/en\/wp-json\/wp\/v2\/product_brand?post=8071"},{"taxonomy":"product_cat","embeddable":true,"href":"https:\/\/petityu.com\/en\/wp-json\/wp\/v2\/product_cat?post=8071"},{"taxonomy":"product_tag","embeddable":true,"href":"https:\/\/petityu.com\/en\/wp-json\/wp\/v2\/product_tag?post=8071"}],"curies":[{"name":"wp","href":"https:\/\/api.w.org\/{rel}","templated":true}]}}