{"id":8121,"date":"2025-01-08T21:41:03","date_gmt":"2025-01-08T18:41:03","guid":{"rendered":"https:\/\/petityu.com\/vals-olive-premium-erken-hasat-soguk-sikim-naturel-sizma-katkisiz-zeytinyagi-4-l-yeni-hasat-24-25\/"},"modified":"2026-03-12T11:27:35","modified_gmt":"2026-03-12T08:27:35","slug":"vals-olive-premium-erken-hasat-soguk-sikim-naturel-sizma-katkisiz-zeytinyagi-4-l-yeni-hasat-24-25","status":"publish","type":"product","link":"https:\/\/petityu.com\/en\/vals-olive-premium-erken-hasat-soguk-sikim-naturel-sizma-katkisiz-zeytinyagi-4-l-yeni-hasat-24-25\/","title":{"rendered":"VALS OLIVE Premium Erken Hasat So\u011fuk S\u0131k\u0131m Naturel S\u0131zma Katk\u0131s\u0131z Zeytinya\u011f\u0131 (4 L)"},"content":{"rendered":"<p><p>VALS OLIVE Premium Erken Hasat So\u011fuk S\u0131k\u0131m Naturel S\u0131zma Katk\u0131s\u0131z Zeytinya\u011f\u0131&nbsp; (4 L) <\/p><br \/>\n<ul><br \/>\n<li><span><span>Premium Anne \u00c7ocuk Zeytinya\u011f\u0131 4 Lt&nbsp; Erken&nbsp; Hasat So\u011fuk S\u0131k\u0131m Nat\u00fcrel S\u0131zma Zeytinya\u011f\u0131 Kullan\u0131m alanlar\u0131: Bebek ek g\u0131dalar\u0131nda, \u00e7ocuklar\u0131n\u0131z\u0131n yemeklerinde, sizler de kahvalt\u0131larda, salatalarda, ve yemeklerinizde kullanabilirsiniz.<\/span><\/span><\/li><br \/>\n<li><span><span>D\u00fc\u015f\u00fck Asidite: T\u00fcrk G\u0131da Kodeksine g\u00f6re Nat\u00fcrel S\u0131zma Zeytinya\u011f\u0131 %0.8 ve alt\u0131 olmal\u0131d\u0131r. Vals Olive&nbsp; %0,2 ve alt\u0131nda \u015fi\u015felenmi\u015ftir.<\/span><\/span><\/li><br \/>\n<li><span><span>Tad\u0131m notlar\u0131: Meyvemsili\u011fi, dengeli ac\u0131l\u0131\u011f\u0131 ve yak\u0131c\u0131l\u0131\u011f\u0131 ile \u00fcst s\u0131n\u0131f ya\u011flar aras\u0131ndad\u0131r.<\/span><\/span><\/li><br \/>\n<li><span><span>Dengeli ac\u0131l\u0131k ve yak\u0131c\u0131l\u0131\u011f\u0131, zeytinya\u011f\u0131n\u0131n antioksidanlar a\u00e7\u0131s\u0131ndan zengin oldu\u011funu g\u00f6sterir.<\/span><\/span><\/li><br \/>\n<li><span><span>Zeytin \u00c7e\u015fidi ve B\u00f6lge: Ege b\u00f6lgesindeki aile bah\u00e7elerimizden 5 farkl\u0131 cinsi zeytinlerden \u00fcretilmi\u015ftir.<\/span><\/span><\/li><br \/>\n<li><span><span>Erken Hasat: Eyl\u00fcl Ekim aylar\u0131nda hen\u00fcz ye\u015filken elle toplanan erken hasat zeytinlerden \u00fcretilmi\u015ftir.<\/span><\/span><\/li><br \/>\n<li><span><span>So\u011fuk S\u0131k\u0131m: 27\u00b0C&#8217;nin alt\u0131nda so\u011fuk s\u0131k\u0131m i\u015flemine tabi tutulur. T\u00fcm a\u015famalarda s\u0131cakl\u0131k \u00f6l\u00e7\u00fcm\u00fc yap\u0131l\u0131r.<\/span><\/span><\/li><br \/>\n<li><span><span>Zeytinde do\u011fal olarak bulunan fenolik bile\u015fikler, erken hasat ve so\u011fuk s\u0131k\u0131m sayesinde zeytinya\u011f\u0131na aktar\u0131l\u0131r.<\/span><\/span><\/li><br \/>\n<li><span><span>250+ polifenol: Polifenoller \u00e7e\u015fitli hastal\u0131klara kar\u015f\u0131 korunman\u0131za yard\u0131mc\u0131 olabilecek, antioksidan \u00f6zelliklere sahip faydal\u0131 bitki bile\u015fikleridir.<\/span><\/span><\/li><br \/>\n<li><span><span>D\u00fcnya Zeytin Konseyi\u2019nin yapt\u0131\u011f\u0131 a\u00e7\u0131klamalara g\u00f6re 250 mg\/L ve \u00fczeri olanlar sa\u011fl\u0131kl\u0131 nat\u00fcrel s\u0131zma zeytinya\u011f\u0131 olarak adland\u0131r\u0131l\u0131r.<\/span><\/span><\/li><br \/>\n<li><span><span>Filtre edilmi\u015ftir: \u00c7ok k\u0131sa s\u00fcrede t\u00fcketmeyecekseniz filtreli tercih etmelisiniz, \u00e7\u00fcnk\u00fc filtresiz zeytinya\u011f\u0131n\u0131n i\u00e7erisinde bulunan posa belirli bir s\u00fcre sonra zeytinya\u011f\u0131n\u0131 fermantasyona u\u011fratarak nefaset kayb\u0131na yol a\u00e7acakt\u0131r.<\/span><\/span><\/li><br \/>\n<li><span><span>Yararlar\u0131: Kan \u015fekerini d\u00fc\u015f\u00fcrme, etki g\u00f6sterme, kalp sa\u011fl\u0131\u011f\u0131n\u0131 destekleme, metabolizmay\u0131 h\u0131zland\u0131rma ve daha bir\u00e7ok farkl\u0131 etki g\u00f6stererek sa\u011fl\u0131\u011f\u0131n\u0131z\u0131 destekler.<\/span><\/span><\/li><br \/>\n<li><span><span>Paketleme ve Saklama Ko\u015fullar\u0131: \u00d6zenle paketlenmi\u015f tenekelerimiz g\u0131da i\u00e7in koruma sa\u011flayan uluslararas\u0131 standartlara uygun \u015fekildedir.<\/span><\/span><\/li><br \/>\n<li><span><span>Zeytinya\u011f\u0131n\u0131z\u0131 serin, kuru, g\u00fcne\u015f \u0131\u015f\u0131\u011f\u0131 ve rutubet almayan bir yerde saklayabilirsiniz <\/span><\/span><\/li><\/ul><br \/>\n<p><span><span><\/span><\/span>&nbsp;<\/p><br \/>\n<ul><br \/>\n<li><span><span>Sa\u011fl\u0131kl\u0131 Zeytinya\u011f\u0131 Yolculu\u011fu: Ailemizden Sofralar\u0131n\u0131za<\/span><\/span><\/li><br \/>\n<li><span><span>Her \u015fey asl\u0131nda; ailemiz, \u00e7ocuklar\u0131m\u0131z ve kendimiz i\u00e7in en sa\u011fl\u0131kl\u0131 zeytinya\u011f\u0131n\u0131 istemekle ba\u015flad\u0131.<\/span><\/span><\/li><br \/>\n<li><span><span>Amac\u0131m\u0131z Ala\u00e7at\u0131 da bir arazi al\u0131p, kendimiz i\u00e7in en sa\u011fl\u0131kl\u0131 \u00fcretimi yapmak idi. Bu sebeple toprak analizlerinden ba\u015flay\u0131p, bu topraklar i\u00e7in en uygun 5 \u00e7e\u015fidin fidanlar\u0131n\u0131 \u00f6zenle se\u00e7tik ve bu fidanlar\u0131 en do\u011fal \u015fekilde kocaman a\u011fa\u00e7lara d\u00f6n\u00fc\u015ft\u00fcrd\u00fck.<\/span><\/span><\/li><br \/>\n<li><span><span>Ziraat ve G\u0131da M\u00fchendisleri e\u015fli\u011finde topraktan sofralar\u0131n\u0131za kadar t\u00fcm a\u015famalar kontrol alt\u0131ndad\u0131r. Zeytin toplama Ziraat M\u00fchendisleri kontrol\u00fcnde, Erken Hasat olarak yap\u0131l\u0131r. Yere d\u00fc\u015fen, topra\u011fa de\u011fen zeytin dahi pestisit riskinden dolay\u0131 toplanmaz. Toplanan Erken Hasat zeytinler hemen G\u0131da M\u00fchendisi e\u015fli\u011finde So\u011fuk S\u0131k\u0131ma al\u0131n\u0131r. So\u011fuk S\u0131k\u0131m \u00f6ncesi mutlaka t\u00fcm hat y\u0131kan\u0131r ki bu kadar titizlendi\u011fimiz \u00fcr\u00fcn\u00fcm\u00fcze herhangi bir bula\u015fma olmas\u0131n. \u00dcretimin ba\u015f\u0131ndan sonuna kadar, G\u0131da m\u00fchendisi e\u015flik eder ve t\u00fcm analizleri kendisi yapar.<\/span><\/span><\/li><br \/>\n<li><span><span>\u00c7\u0131kard\u0131\u011f\u0131m\u0131z ya\u011flar\u0131 \u00f6nceleri kendimiz t\u00fckettik, sonra dostlar\u0131m\u0131za hediye ettik. Talep o kadar artt\u0131 ki yeti\u015femez olduk ve b\u00fcy\u00fctmeye karar verdik. Kendi ailemiz ve \u00e7ocuklar\u0131m\u0131za g\u00f6n\u00fcl rahatl\u0131\u011f\u0131yla t\u00fckettirdi\u011fimiz \u00fcr\u00fcnlerimizi, siz de\u011ferli aileler ve \u00e7ocuklar\u0131n\u0131za da sunmaya ba\u015flad\u0131k.<\/span><\/span><\/li><\/ul><br \/>\n<p>&nbsp;<\/p><br \/>\n<p>&nbsp;<\/p><\/p>","protected":false},"excerpt":{"rendered":"<p><p><span><span><span>Ailemize ve sevdiklerimize y\u00fcksek kaliteli ve lezzetli bir zeytinya\u011f\u0131 sunabilme hayalimizle, \u00e7ok\u00e7a \u00f6zveri ve fedakarl\u0131k i\u00e7eren yolculu\u011fumuza ba\u015flayal\u0131 tam tam\u0131na 7 sene oldu.&nbsp; M\u00fckemmel tat ve aromalar\u0131 aray\u0131\u015f\u0131m\u0131z\u0131 hep s\u00fcrd\u00fcrd\u00fck\u2026 <span lang=\"EN-US\" dir=\"ltr\">\uf04a<\/span><\/span><\/span><\/span><\/p><br \/>\n<p><span><span><span>Sonunda bolca emek i\u00e7eren y\u00fcksek kaliteli Vals Olive Erken Hasat So\u011fuk S\u0131k\u0131m S\u0131zma Zeytinya\u011f\u0131m\u0131z\u0131 sizinle bulu\u015fturabildi\u011fimiz i\u00e7in ailece \u00e7ok mutlu ve heyecanl\u0131y\u0131z. <\/span><\/span><\/span><\/p><br \/>\n<p><span><span><span>Vals;&nbsp; Ege B\u00f6lgesi, Ala\u00e7at\u0131\u2019da bulunan 5 \u00e7e\u015fit zeytinden olu\u015fan zeytin bah\u00e7elerimizdeki zeytinin elle toplan\u0131p, so\u011fuk s\u0131k\u0131m y\u00f6ntemiyle i\u015flenmesi sayesinde, zeytinya\u011f\u0131n\u0131n besin de\u011ferlerinin korunmas\u0131n\u0131 sa\u011flar. Vals, g\u0131da ve ziraat m\u00fchendislerinin kontrol ve takibinde, en kaliteli zeytinlerin toplan\u0131r toplanmaz hemen s\u0131k\u0131lmas\u0131na \u00f6zen g\u00f6stererek oksidasyonu en aza indirir ve zeytinya\u011f\u0131n\u0131n kalitesini en \u00fcst d\u00fczeyde tutar. <\/span><\/span><\/span><\/p><br \/>\n<p><span><span><span>Vals Zeytinya\u011f\u0131 0.2\u2019den daha d\u00fc\u015f\u00fck bir asitlik oran\u0131 ile sa\u011fl\u0131\u011f\u0131n\u0131z a\u00e7\u0131s\u0131ndan \u00e7ok faydal\u0131d\u0131r. <\/span><\/span><\/span><\/p><br \/>\n<p><span><span><span>\u015eimdi hepimizin keyifle ve g\u00fcvenle kullanabilece\u011fimiz bir marka yaratman\u0131n gururunuz ya\u015f\u0131yoruz.<\/span><\/span><\/span><\/p><br \/>\n<p><span><span><span>\u015eifa olsun.<\/span><\/span><\/span><\/p><br \/>\n<p><span><span><span><strong>valsolive.com<\/strong><\/span><\/span><\/span><\/p><\/p>","protected":false},"featured_media":8124,"template":"","meta":[],"product_brand":[],"product_cat":[1007,1008],"product_tag":[],"class_list":{"0":"post-8121","1":"product","2":"type-product","3":"status-publish","4":"has-post-thumbnail","6":"product_cat-gida-2","7":"product_cat-gida","9":"first","10":"instock","11":"taxable","12":"shipping-taxable","13":"purchasable","14":"product-type-simple"},"_links":{"self":[{"href":"https:\/\/petityu.com\/en\/wp-json\/wp\/v2\/product\/8121","targetHints":{"allow":["GET"]}}],"collection":[{"href":"https:\/\/petityu.com\/en\/wp-json\/wp\/v2\/product"}],"about":[{"href":"https:\/\/petityu.com\/en\/wp-json\/wp\/v2\/types\/product"}],"wp:featuredmedia":[{"embeddable":true,"href":"https:\/\/petityu.com\/en\/wp-json\/wp\/v2\/media\/8124"}],"wp:attachment":[{"href":"https:\/\/petityu.com\/en\/wp-json\/wp\/v2\/media?parent=8121"}],"wp:term":[{"taxonomy":"product_brand","embeddable":true,"href":"https:\/\/petityu.com\/en\/wp-json\/wp\/v2\/product_brand?post=8121"},{"taxonomy":"product_cat","embeddable":true,"href":"https:\/\/petityu.com\/en\/wp-json\/wp\/v2\/product_cat?post=8121"},{"taxonomy":"product_tag","embeddable":true,"href":"https:\/\/petityu.com\/en\/wp-json\/wp\/v2\/product_tag?post=8121"}],"curies":[{"name":"wp","href":"https:\/\/api.w.org\/{rel}","templated":true}]}}