{"id":8142,"date":"2025-01-08T23:23:57","date_gmt":"2025-01-08T20:23:57","guid":{"rendered":"https:\/\/petityu.com\/?post_type=product&#038;p=8142"},"modified":"2026-04-11T18:22:28","modified_gmt":"2026-04-11T15:22:28","slug":"vals-olive-premium-erken-hasat-soguk-sikim-naturel-sizma-katkisiz-zeytinyagi-750-ml-yeni-hasat-24-25-cocuklu-ailelere","status":"publish","type":"product","link":"https:\/\/petityu.com\/en\/vals-olive-premium-erken-hasat-soguk-sikim-naturel-sizma-katkisiz-zeytinyagi-750-ml-yeni-hasat-24-25-cocuklu-ailelere\/","title":{"rendered":"VALS OLIVE Premium Erken Hasat So\u011fuk S\u0131k\u0131m Naturel S\u0131zma Katk\u0131s\u0131z Zeytinya\u011f\u0131 (750 ml)"},"content":{"rendered":"<p><p>VALS Premium Erken Hasat So\u011fuk S\u0131k\u0131m&nbsp;Naturel&nbsp;S\u0131zma Katk\u0131s\u0131z Zeytinya\u011f\u0131 (750 ml)&nbsp;<\/p><ul><li><span><span>Premium, Erken Hasat, So\u011fuk S\u0131k\u0131m, Nat\u00fcrel S\u0131zma Zeytinya\u011f\u0131m\u0131z\u0131n Kullan\u0131m alanlar\u0131: \u00c7ocuklar\u0131n\u0131z\u0131n yemeklerinde ve ek g\u0131dalar\u0131nda, kahvalt\u0131lar\u0131n\u0131zda, salatalar\u0131n\u0131zda ve yemeklerinizde kullanabilirsiniz.<\/span><\/span><\/li><li><span><span>D\u00fc\u015f\u00fck Asidite: T\u00fcrk G\u0131da Kodeksine g\u00f6re Nat\u00fcrel S\u0131zma Zeytinya\u011f\u0131 Asitli\u011fi %0.8 ve alt\u0131 olmal\u0131d\u0131r. Vals Olive Zeytinya\u011f\u0131 asitli\u011fi %0,2 alt\u0131nda \u015fi\u015felenmi\u015ftir.<\/span><\/span><\/li><li><span><span>Tad\u0131m notlar\u0131: Meyvemsili\u011fi, dengeli ac\u0131l\u0131\u011f\u0131 ve yak\u0131c\u0131l\u0131\u011f\u0131 ile antioksidan a\u00e7\u0131s\u0131ndan zengin bir ya\u011fd\u0131r.<\/span><\/span><\/li><li><span><span>Zeytin \u00c7e\u015fidi ve B\u00f6lge: Ege b\u00f6lgesindeki aile bah\u00e7elerimizde; 5 farkl\u0131 zeytin \u00e7e\u015fidinden (Memecik, Ayval\u0131k, Gemlik, Domat, Manzanilla) Ziraat M\u00fchendisleri kontrol\u00fcnde \u2018\u0130yi Tar\u0131m\u2019 ilkelerine g\u00f6re bak\u0131m ve hasatlar\u0131 yap\u0131lmaktad\u0131r.<\/span><\/span><\/li><li><span><span>Erken Hasat: Eyl\u00fcl ve Ekim aylar\u0131nda, hen\u00fcz ye\u015filken elle Ziraat ve G\u0131da M\u00fchendisleri kontrol\u00fcnde toplanan erken hasat zeytinlerden \u00fcretilmi\u015ftir.<\/span><\/span><\/li><li><span><span>So\u011fuk S\u0131k\u0131m: 27\u00b0C&#8217;nin alt\u0131nda so\u011fuk s\u0131k\u0131m i\u015flemine tabi tutulur. T\u00fcm \u00fcretim s\u00fcre\u00e7leri; G\u0131da M\u00fchendisleri kontrol\u00fcnde \u2018G\u0131da G\u00fcvenli\u011fi\u2019 ilkelerine uygun olarak ger\u00e7ekle\u015ftirilir. <\/span><\/span><\/li><li><span><span>Zeytinde do\u011fal olarak bulunan ve antioksidan \u00f6zelliklere sahip fenolik bile\u015fikler, erken hasat ve so\u011fuk s\u0131k\u0131m sayesinde zeytinya\u011f\u0131na aktar\u0131l\u0131r.<\/span><\/span><\/li><li><span><span>\u00c7\u00f6keltme ile do\u011fal Filtre edilmi\u015ftir. \u00c7ok k\u0131sa s\u00fcrede t\u00fcketmeyecekseniz filtreli tercih etmelisiniz. Filtresiz zeytinya\u011f\u0131n\u0131n i\u00e7erisinde bulunan posa belirli bir s\u00fcre sonra zeytinya\u011f\u0131n\u0131n fermantasyonuna sebep olarak, nefaset kayb\u0131na yol a\u00e7acakt\u0131r.<\/span><\/span><\/li><li><span><span>Yararlar\u0131: Kan \u015fekerini d\u00fc\u015f\u00fcrme, kalp sa\u011fl\u0131\u011f\u0131n\u0131 destekleme, metabolizmay\u0131 h\u0131zland\u0131rma, &nbsp;k\u00f6t\u00fc kolesterol\u00fc d\u00fc\u015f\u00fcrme ve i\u00e7eri\u011findeki polifenoller sayesinde kanser ve benzeri daha bir\u00e7ok hastal\u0131\u011fa kar\u015f\u0131 etkilidir. <\/span><\/span><\/li><li><span><span>Paketleme: Zeytinya\u011flar\u0131m\u0131z; Uluslararas\u0131 standartlarda, g\u0131daya uygun ve zeytinya\u011f\u0131n\u0131 en iyi koruyacak \u015fekilde ambalajlanm\u0131\u015ft\u0131r<\/span><\/span><\/li><li><span><span>Zeytinya\u011f\u0131n\u0131z\u0131; serin ve kuru yerde saklay\u0131n\u0131z. G\u00fcne\u015f \u0131\u015f\u0131\u011f\u0131 ve rutubetten uzak tutunuz. <\/span><\/span><\/li><\/ul><p>&nbsp;<\/p><ul><li><span><span>Sa\u011fl\u0131kl\u0131 Zeytinya\u011f\u0131 Yolculu\u011fu: Ailemizden Sofralar\u0131n\u0131za<\/span><\/span><\/li><li><span><span>Her \u015fey asl\u0131nda; ailemiz, \u00e7ocuklar\u0131m\u0131z ve kendimiz i\u00e7in en sa\u011fl\u0131kl\u0131 zeytinya\u011f\u0131n\u0131 istemekle ba\u015flad\u0131.<\/span><\/span><\/li><li><span><span>Amac\u0131m\u0131z Ala\u00e7at\u0131 da bir arazi al\u0131p, ailemiz i\u00e7in en sa\u011fl\u0131kl\u0131 zeytinya\u011f\u0131 \u00fcretimi yapmak idi. Bu sebeple toprak analizlerinden ba\u015flay\u0131p, bu topraklar i\u00e7in en uygun 5 \u00e7e\u015fidin fidanlar\u0131n\u0131 \u00f6zenle se\u00e7tik ve bu fidanlar\u0131 en do\u011fal \u015fekilde kocaman a\u011fa\u00e7lara d\u00f6n\u00fc\u015ft\u00fcrd\u00fck.<\/span><\/span><\/li><li><span><span>Vals Olive Zeytinya\u011flar\u0131; Ziraat ve G\u0131da M\u00fchendisleri e\u015fli\u011finde topraktan sofralar\u0131n\u0131za kadar \u2018\u0130yi Tar\u0131m\u2019 ve \u2018G\u0131da G\u00fcvenli\u011fi\u2019 ilkelerine uygun olarak \u00fcretilir. Zeytin toplama Ziraat M\u00fchendisleri kontrol\u00fcnde, Erken Hasat olarak yap\u0131l\u0131r. Yere d\u00fc\u015fen, topra\u011fa de\u011fen zeytin, pestisit riskinden dolay\u0131 toplanmaz. Toplanan Erken Hasat zeytinler hemen G\u0131da M\u00fchendisi e\u015fli\u011finde So\u011fuk S\u0131k\u0131ma al\u0131n\u0131r. So\u011fuk S\u0131k\u0131m \u00f6ncesi mutlaka t\u00fcm hat y\u0131kan\u0131r ki bu kadar titizlendi\u011fimiz \u00fcr\u00fcn\u00fcm\u00fcze herhangi bir bula\u015fma olmas\u0131n. \u00dcretimin ba\u015f\u0131ndan sonuna kadar, G\u0131da m\u00fchendisi e\u015flik eder ve t\u00fcm analizleri kendisi yapar.<\/span><\/span><\/li><li><span><span>\u00dcretti\u011fimiz Zeytinya\u011flar\u0131n\u0131 \u00f6nceleri kendimiz t\u00fckettik, sonra dostlar\u0131m\u0131za hediye ettik. Talep o kadar artt\u0131 ki yeti\u015femez olduk ve b\u00fcy\u00fctmeye karar verdik. Kendi ailemiz ve \u00e7ocuklar\u0131m\u0131za g\u00f6n\u00fcl rahatl\u0131\u011f\u0131yla t\u00fckettirdi\u011fimiz \u00fcr\u00fcnlerimizi, siz de\u011ferli aileler ve \u00e7ocuklar\u0131n\u0131za da sunmaya ba\u015flad\u0131k.&nbsp;<\/span><\/span><\/li><\/ul><p>&nbsp;<\/p><p><span><span><span>T\u00fcm Ailenize \u015eifa olsun !.. <\/span><\/span><\/span><\/p><p>&nbsp;<\/p><p>&nbsp;<\/p><p>&nbsp;<\/p><p>\u00d6zel a\u011f\u0131zl\u0131kl\u0131 cam \u015fi\u015fedir. Kolay ak\u0131t\u0131p damlatma yapmay\u0131 engeller.<\/p><p>Aileler g\u00fcvenle t\u00fcketebilir.<\/p><\/p>","protected":false},"excerpt":{"rendered":"<p><p><span><span><span>Ailemize ve sevdiklerimize y\u00fcksek kaliteli ve lezzetli bir zeytinya\u011f\u0131 sunabilme hayalimizle, \u00e7ok\u00e7a \u00f6zveri ve fedak\u00e2rl\u0131k i\u00e7eren yolculu\u011fumuza ba\u015flayal\u0131 tam 7 y\u0131l oldu.&nbsp; M\u00fckemmeli aray\u0131\u015f\u0131m\u0131z\u0131 hep s\u00fcrd\u00fcrd\u00fck\u2026 <span>\uf04a<\/span><\/span><\/span><\/span><\/p><br \/>\n<p><span><span><span>Zeytinlerimiz;&nbsp; Ege B\u00f6lgesi,&nbsp; Ala\u00e7at\u0131\u2019daki \u00e7iftli\u011fimizde Ziraat M\u00fchendisleri e\u015fli\u011finde \u2018\u0130yi Tar\u0131m\u2019 uygulamalar\u0131 ile yeti\u015ftirdi\u011fimiz, 5 \u00e7e\u015fit zeytinden elle toplan\u0131r. Hemen so\u011fuk s\u0131k\u0131m y\u00f6ntemiyle \u2018G\u0131da G\u00fcvenli\u011fi\u2019 ilkelerine uygun olarak G\u0131da M\u00fchendisleri e\u015fli\u011finde i\u015flenmesi sayesinde, zeytinya\u011f\u0131n\u0131n besin de\u011ferlerinin korunmas\u0131 sa\u011flan\u0131r. <\/span><\/span><\/span><\/p><br \/>\n<p><span><span><span>Vals Zeytinya\u011f\u0131n\u0131n; %0.2\u2019den daha d\u00fc\u015f\u00fck asitlik oran\u0131 ile sa\u011fl\u0131\u011f\u0131n\u0131z i\u00e7in ne kadar faydal\u0131 oldu\u011funu, sizler de kulland\u0131k\u00e7a fark edeceksiniz. <\/span><\/span><\/span><\/p><br \/>\n<p><span><span><span>\u015eimdi ailemizin keyifle ve g\u00fcvenle kulland\u0131\u011f\u0131 \u00fcr\u00fcn\u00fcm\u00fcz\u00fc, sizlere de ula\u015ft\u0131rman\u0131n heyecan\u0131n\u0131 ya\u015f\u0131yoruz.<\/span><\/span><\/span><\/p><br \/>\n<p>&nbsp;<\/p><br \/>\n<p><span><span><span>T\u00fcm Ailenize \u015eifa olsun !.. <\/span><\/span><\/span><\/p><br \/>\n<p>&nbsp;<\/p><br \/>\n<p>&nbsp;<\/p><\/p>","protected":false},"featured_media":8710,"template":"","meta":[],"product_brand":[],"product_cat":[1007,1008],"product_tag":[],"class_list":{"0":"post-8142","1":"product","2":"type-product","3":"status-publish","4":"has-post-thumbnail","6":"product_cat-gida-2","7":"product_cat-gida","9":"first","10":"instock","11":"taxable","12":"shipping-taxable","13":"purchasable","14":"product-type-simple"},"_links":{"self":[{"href":"https:\/\/petityu.com\/en\/wp-json\/wp\/v2\/product\/8142","targetHints":{"allow":["GET"]}}],"collection":[{"href":"https:\/\/petityu.com\/en\/wp-json\/wp\/v2\/product"}],"about":[{"href":"https:\/\/petityu.com\/en\/wp-json\/wp\/v2\/types\/product"}],"wp:featuredmedia":[{"embeddable":true,"href":"https:\/\/petityu.com\/en\/wp-json\/wp\/v2\/media\/8710"}],"wp:attachment":[{"href":"https:\/\/petityu.com\/en\/wp-json\/wp\/v2\/media?parent=8142"}],"wp:term":[{"taxonomy":"product_brand","embeddable":true,"href":"https:\/\/petityu.com\/en\/wp-json\/wp\/v2\/product_brand?post=8142"},{"taxonomy":"product_cat","embeddable":true,"href":"https:\/\/petityu.com\/en\/wp-json\/wp\/v2\/product_cat?post=8142"},{"taxonomy":"product_tag","embeddable":true,"href":"https:\/\/petityu.com\/en\/wp-json\/wp\/v2\/product_tag?post=8142"}],"curies":[{"name":"wp","href":"https:\/\/api.w.org\/{rel}","templated":true}]}}