{"id":8155,"date":"2025-01-20T16:50:17","date_gmt":"2025-01-20T13:50:17","guid":{"rendered":"https:\/\/petityu.com\/?post_type=product&#038;p=8155"},"modified":"2026-03-20T23:14:07","modified_gmt":"2026-03-20T20:14:07","slug":"petityu-kuromi-mor-kiz-cocuk-yagmur-botu-yagmur-cizmesi-kolay-giyilir","status":"publish","type":"product","link":"https:\/\/petityu.com\/en\/petityu-kuromi-mor-kiz-cocuk-yagmur-botu-yagmur-cizmesi-kolay-giyilir\/","title":{"rendered":"Petityu Kuromi Mor K\u0131z \u00c7ocuk Ya\u011fmur Botu Ya\u011fmur \u00c7izmesi Kolay giyilir"},"content":{"rendered":"<p><p>Kuromi&nbsp;mor rahat giyilebilir ya\u011fmur botu su ge\u00e7irmez<\/p><\/p>","protected":false},"excerpt":{"rendered":"<p>Kuromi&nbsp;mor rahat giyilebilir ya\u011fmur botu su ge\u00e7irmez<\/p>","protected":false},"featured_media":8158,"template":"","meta":[],"product_brand":[],"product_cat":[978],"product_tag":[],"class_list":{"0":"post-8155","1":"product","2":"type-product","3":"status-publish","4":"has-post-thumbnail","6":"product_cat-bot","8":"first","9":"outofstock","10":"taxable","11":"shipping-taxable","12":"purchasable","13":"product-type-variable"},"_links":{"self":[{"href":"https:\/\/petityu.com\/en\/wp-json\/wp\/v2\/product\/8155","targetHints":{"allow":["GET"]}}],"collection":[{"href":"https:\/\/petityu.com\/en\/wp-json\/wp\/v2\/product"}],"about":[{"href":"https:\/\/petityu.com\/en\/wp-json\/wp\/v2\/types\/product"}],"wp:featuredmedia":[{"embeddable":true,"href":"https:\/\/petityu.com\/en\/wp-json\/wp\/v2\/media\/8158"}],"wp:attachment":[{"href":"https:\/\/petityu.com\/en\/wp-json\/wp\/v2\/media?parent=8155"}],"wp:term":[{"taxonomy":"product_brand","embeddable":true,"href":"https:\/\/petityu.com\/en\/wp-json\/wp\/v2\/product_brand?post=8155"},{"taxonomy":"product_cat","embeddable":true,"href":"https:\/\/petityu.com\/en\/wp-json\/wp\/v2\/product_cat?post=8155"},{"taxonomy":"product_tag","embeddable":true,"href":"https:\/\/petityu.com\/en\/wp-json\/wp\/v2\/product_tag?post=8155"}],"curies":[{"name":"wp","href":"https:\/\/api.w.org\/{rel}","templated":true}]}}