{"id":8166,"date":"2025-01-22T15:50:57","date_gmt":"2025-01-22T12:50:57","guid":{"rendered":"https:\/\/petityu.com\/?post_type=product&#038;p=8166"},"modified":"2025-10-10T17:54:00","modified_gmt":"2025-10-10T14:54:00","slug":"petityu-my-melody-kiz-cocuk-yagmur-botu-pembe","status":"publish","type":"product","link":"https:\/\/petityu.com\/en\/petityu-my-melody-kiz-cocuk-yagmur-botu-pembe\/","title":{"rendered":"Petityu My Melody K\u0131z \u00c7ocuk Ya\u011fmur Botu Pembe"},"content":{"rendered":"<p>My Melody \u015eirin Pembe Su Ge\u00e7irmez Ya\u011fmur Botu<\/p>","protected":false},"excerpt":{"rendered":"<p>My Melody \u015eirin Pembe Su Ge\u00e7irmez Ya\u011fmur Botu<\/p>","protected":false},"featured_media":8168,"template":"","meta":[],"product_brand":[],"product_cat":[15],"product_tag":[],"class_list":{"0":"post-8166","1":"product","2":"type-product","3":"status-publish","4":"has-post-thumbnail","6":"product_cat-genel","8":"first","9":"instock","10":"taxable","11":"shipping-taxable","12":"purchasable","13":"product-type-variable"},"_links":{"self":[{"href":"https:\/\/petityu.com\/en\/wp-json\/wp\/v2\/product\/8166","targetHints":{"allow":["GET"]}}],"collection":[{"href":"https:\/\/petityu.com\/en\/wp-json\/wp\/v2\/product"}],"about":[{"href":"https:\/\/petityu.com\/en\/wp-json\/wp\/v2\/types\/product"}],"wp:featuredmedia":[{"embeddable":true,"href":"https:\/\/petityu.com\/en\/wp-json\/wp\/v2\/media\/8168"}],"wp:attachment":[{"href":"https:\/\/petityu.com\/en\/wp-json\/wp\/v2\/media?parent=8166"}],"wp:term":[{"taxonomy":"product_brand","embeddable":true,"href":"https:\/\/petityu.com\/en\/wp-json\/wp\/v2\/product_brand?post=8166"},{"taxonomy":"product_cat","embeddable":true,"href":"https:\/\/petityu.com\/en\/wp-json\/wp\/v2\/product_cat?post=8166"},{"taxonomy":"product_tag","embeddable":true,"href":"https:\/\/petityu.com\/en\/wp-json\/wp\/v2\/product_tag?post=8166"}],"curies":[{"name":"wp","href":"https:\/\/api.w.org\/{rel}","templated":true}]}}