{"id":8172,"date":"2025-01-22T16:10:14","date_gmt":"2025-01-22T13:10:14","guid":{"rendered":"https:\/\/petityu.com\/petityu-smiggle-denizkizi-fusya-mor-suyesili-buyuk-boy-dikdortgen-kalemkutu\/"},"modified":"2025-09-15T15:04:38","modified_gmt":"2025-09-15T12:04:38","slug":"petityu-smiggle-denizkizi-fusya-mor-suyesili-buyuk-boy-dikdortgen-kalemkutu","status":"publish","type":"product","link":"https:\/\/petityu.com\/en\/petityu-smiggle-denizkizi-fusya-mor-suyesili-buyuk-boy-dikdortgen-kalemkutu\/","title":{"rendered":"Petityu Smiggle Denizk\u0131z\u0131 Fu\u015fya Mor Suye\u015fili B\u00fcy\u00fck Boy Dikd\u00f6rtgen Kalemkutu"},"content":{"rendered":"<p>Smiggle \u015eirin 3D Hardcase B\u00fcy\u00fck Boy Fermuarl\u0131 Kalem Kutu<\/p>","protected":false},"excerpt":{"rendered":"<p>Smiggle \u015eirin 3D Hardcase B\u00fcy\u00fck Boy Fermuarl\u0131 Kalem Kutu<\/p>","protected":false},"featured_media":8174,"template":"","meta":[],"product_brand":[],"product_cat":[15],"product_tag":[],"class_list":{"0":"post-8172","1":"product","2":"type-product","3":"status-publish","4":"has-post-thumbnail","6":"product_cat-genel","8":"first","9":"instock","10":"taxable","11":"shipping-taxable","12":"purchasable","13":"product-type-simple"},"_links":{"self":[{"href":"https:\/\/petityu.com\/en\/wp-json\/wp\/v2\/product\/8172","targetHints":{"allow":["GET"]}}],"collection":[{"href":"https:\/\/petityu.com\/en\/wp-json\/wp\/v2\/product"}],"about":[{"href":"https:\/\/petityu.com\/en\/wp-json\/wp\/v2\/types\/product"}],"wp:featuredmedia":[{"embeddable":true,"href":"https:\/\/petityu.com\/en\/wp-json\/wp\/v2\/media\/8174"}],"wp:attachment":[{"href":"https:\/\/petityu.com\/en\/wp-json\/wp\/v2\/media?parent=8172"}],"wp:term":[{"taxonomy":"product_brand","embeddable":true,"href":"https:\/\/petityu.com\/en\/wp-json\/wp\/v2\/product_brand?post=8172"},{"taxonomy":"product_cat","embeddable":true,"href":"https:\/\/petityu.com\/en\/wp-json\/wp\/v2\/product_cat?post=8172"},{"taxonomy":"product_tag","embeddable":true,"href":"https:\/\/petityu.com\/en\/wp-json\/wp\/v2\/product_tag?post=8172"}],"curies":[{"name":"wp","href":"https:\/\/api.w.org\/{rel}","templated":true}]}}