{"id":8177,"date":"2025-01-23T16:08:32","date_gmt":"2025-01-23T13:08:32","guid":{"rendered":"https:\/\/petityu.com\/?post_type=product&#038;p=8177"},"modified":"2026-03-10T14:18:53","modified_gmt":"2026-03-10T11:18:53","slug":"kuromi-ici-sardonlu-kalin-kislik-sirin-lilamsi-mor-yaka-detayli-sweatshirt-yumusacik-sicacik","status":"publish","type":"product","link":"https:\/\/petityu.com\/en\/kuromi-ici-sardonlu-kalin-kislik-sirin-lilamsi-mor-yaka-detayli-sweatshirt-yumusacik-sicacik\/","title":{"rendered":"Kuromi \u0130\u00e7i Sardonlu Kal\u0131n K\u0131\u015fl\u0131k \u015eirin Lilams\u0131 Mor Yaka Detayl\u0131 Sweatshirt Yumu\u015fac\u0131k S\u0131cac\u0131k"},"content":{"rendered":"<p><p>Kuromi \u0130\u00e7i Sardonlu Kal\u0131n K\u0131\u015fl\u0131k Sweatshirt<\/p><br \/>\n<p>Lilams\u0131 Mor Yaka Detayl\u0131<\/p><br \/>\n<p>Yumu\u015fac\u0131k S\u0131cac\u0131k<\/p><br \/>\n<p>&nbsp;<\/p><\/p>","protected":false},"excerpt":{"rendered":"<p>Kuromi \u0130\u00e7i Sardonlu Kal\u0131n K\u0131\u015fl\u0131k Sweatshirt Lilams\u0131 Mor Yaka Detayl\u0131 Yumu\u015fac\u0131k S\u0131cac\u0131k &nbsp;<\/p>","protected":false},"featured_media":8178,"template":"","meta":[],"product_brand":[],"product_cat":[15],"product_tag":[],"class_list":{"0":"post-8177","1":"product","2":"type-product","3":"status-publish","4":"has-post-thumbnail","6":"product_cat-genel","8":"first","9":"instock","10":"taxable","11":"shipping-taxable","12":"purchasable","13":"product-type-variable"},"_links":{"self":[{"href":"https:\/\/petityu.com\/en\/wp-json\/wp\/v2\/product\/8177","targetHints":{"allow":["GET"]}}],"collection":[{"href":"https:\/\/petityu.com\/en\/wp-json\/wp\/v2\/product"}],"about":[{"href":"https:\/\/petityu.com\/en\/wp-json\/wp\/v2\/types\/product"}],"wp:featuredmedia":[{"embeddable":true,"href":"https:\/\/petityu.com\/en\/wp-json\/wp\/v2\/media\/8178"}],"wp:attachment":[{"href":"https:\/\/petityu.com\/en\/wp-json\/wp\/v2\/media?parent=8177"}],"wp:term":[{"taxonomy":"product_brand","embeddable":true,"href":"https:\/\/petityu.com\/en\/wp-json\/wp\/v2\/product_brand?post=8177"},{"taxonomy":"product_cat","embeddable":true,"href":"https:\/\/petityu.com\/en\/wp-json\/wp\/v2\/product_cat?post=8177"},{"taxonomy":"product_tag","embeddable":true,"href":"https:\/\/petityu.com\/en\/wp-json\/wp\/v2\/product_tag?post=8177"}],"curies":[{"name":"wp","href":"https:\/\/api.w.org\/{rel}","templated":true}]}}