{"id":8202,"date":"2025-03-18T13:41:41","date_gmt":"2025-03-18T10:41:41","guid":{"rendered":"https:\/\/petityu.com\/petityu-pembe-kirmizi-kalp-desenli-sac-bantli-sirin-kiz-cocuk-bikini\/"},"modified":"2026-04-12T09:04:59","modified_gmt":"2026-04-12T06:04:59","slug":"petityu-pembe-kirmizi-kalp-desenli-sac-bantli-sirin-kiz-cocuk-bikini","status":"publish","type":"product","link":"https:\/\/petityu.com\/en\/petityu-pembe-kirmizi-kalp-desenli-sac-bantli-sirin-kiz-cocuk-bikini\/","title":{"rendered":"Petityu Pembe K\u0131rm\u0131z\u0131 Kalp Desenli Sa\u00e7 Bantl\u0131 \u015eirin K\u0131z \u00c7ocuk Bikini"},"content":{"rendered":"<p><p>Sa\u00e7 bantl\u0131 k\u0131z \u00e7ocuk bikini<\/p><p>\u015eirin<\/p><p>Pembe renk<\/p><p>&nbsp;<\/p><\/p>","protected":false},"excerpt":{"rendered":"<p>Sa\u00e7 bantl\u0131 k\u0131z \u00e7ocuk bikini\u015eirinPembe renk&nbsp;<\/p>","protected":false},"featured_media":8206,"template":"","meta":[],"product_brand":[],"product_cat":[974],"product_tag":[],"class_list":{"0":"post-8202","1":"product","2":"type-product","3":"status-publish","4":"has-post-thumbnail","6":"product_cat-mayo","8":"first","9":"outofstock","10":"taxable","11":"shipping-taxable","12":"purchasable","13":"product-type-variable"},"_links":{"self":[{"href":"https:\/\/petityu.com\/en\/wp-json\/wp\/v2\/product\/8202","targetHints":{"allow":["GET"]}}],"collection":[{"href":"https:\/\/petityu.com\/en\/wp-json\/wp\/v2\/product"}],"about":[{"href":"https:\/\/petityu.com\/en\/wp-json\/wp\/v2\/types\/product"}],"wp:featuredmedia":[{"embeddable":true,"href":"https:\/\/petityu.com\/en\/wp-json\/wp\/v2\/media\/8206"}],"wp:attachment":[{"href":"https:\/\/petityu.com\/en\/wp-json\/wp\/v2\/media?parent=8202"}],"wp:term":[{"taxonomy":"product_brand","embeddable":true,"href":"https:\/\/petityu.com\/en\/wp-json\/wp\/v2\/product_brand?post=8202"},{"taxonomy":"product_cat","embeddable":true,"href":"https:\/\/petityu.com\/en\/wp-json\/wp\/v2\/product_cat?post=8202"},{"taxonomy":"product_tag","embeddable":true,"href":"https:\/\/petityu.com\/en\/wp-json\/wp\/v2\/product_tag?post=8202"}],"curies":[{"name":"wp","href":"https:\/\/api.w.org\/{rel}","templated":true}]}}