{"id":8207,"date":"2025-03-21T17:21:17","date_gmt":"2025-03-21T14:21:17","guid":{"rendered":"https:\/\/petityu.com\/?post_type=product&#038;p=8207"},"modified":"2026-04-14T16:35:16","modified_gmt":"2026-04-14T13:35:16","slug":"petityu-kiz-cocuk-mermaid-denizkizi-firfirli-mayokini-kiz-cocuk-mayo","status":"publish","type":"product","link":"https:\/\/petityu.com\/en\/petityu-kiz-cocuk-mermaid-denizkizi-firfirli-mayokini-kiz-cocuk-mayo\/","title":{"rendered":"Petityu K\u0131z \u00c7ocuk Mermaid Denizk\u0131z\u0131 F\u0131rf\u0131rl\u0131 Mayokini K\u0131z \u00c7ocuk Mayo"},"content":{"rendered":"<p><p>Denizk\u0131z\u0131 desenli<\/p><p>F\u0131rf\u0131rl\u0131<\/p><p>K\u0131z \u00e7ocuk Mayokini<\/p><p>&nbsp;<\/p><\/p>","protected":false},"excerpt":{"rendered":"<p>Denizk\u0131z\u0131 desenliF\u0131rf\u0131rl\u0131K\u0131z \u00e7ocuk Mayokini&nbsp;<\/p>","protected":false},"featured_media":8210,"template":"","meta":[],"product_brand":[],"product_cat":[974],"product_tag":[],"class_list":{"0":"post-8207","1":"product","2":"type-product","3":"status-publish","4":"has-post-thumbnail","6":"product_cat-mayo","8":"first","9":"instock","10":"taxable","11":"shipping-taxable","12":"purchasable","13":"product-type-variable"},"_links":{"self":[{"href":"https:\/\/petityu.com\/en\/wp-json\/wp\/v2\/product\/8207","targetHints":{"allow":["GET"]}}],"collection":[{"href":"https:\/\/petityu.com\/en\/wp-json\/wp\/v2\/product"}],"about":[{"href":"https:\/\/petityu.com\/en\/wp-json\/wp\/v2\/types\/product"}],"wp:featuredmedia":[{"embeddable":true,"href":"https:\/\/petityu.com\/en\/wp-json\/wp\/v2\/media\/8210"}],"wp:attachment":[{"href":"https:\/\/petityu.com\/en\/wp-json\/wp\/v2\/media?parent=8207"}],"wp:term":[{"taxonomy":"product_brand","embeddable":true,"href":"https:\/\/petityu.com\/en\/wp-json\/wp\/v2\/product_brand?post=8207"},{"taxonomy":"product_cat","embeddable":true,"href":"https:\/\/petityu.com\/en\/wp-json\/wp\/v2\/product_cat?post=8207"},{"taxonomy":"product_tag","embeddable":true,"href":"https:\/\/petityu.com\/en\/wp-json\/wp\/v2\/product_tag?post=8207"}],"curies":[{"name":"wp","href":"https:\/\/api.w.org\/{rel}","templated":true}]}}