{"id":8222,"date":"2025-03-26T12:13:32","date_gmt":"2025-03-26T09:13:32","guid":{"rendered":"https:\/\/petityu.com\/?post_type=product&#038;p=8222"},"modified":"2025-03-26T12:40:01","modified_gmt":"2025-03-26T09:40:01","slug":"petityu-seyahat-idrar-kabi-kiz-cocuk-pembe","status":"publish","type":"product","link":"https:\/\/petityu.com\/en\/petityu-seyahat-idrar-kabi-kiz-cocuk-pembe\/","title":{"rendered":"Petityu Seyahat idrar kab\u0131 k\u0131z \u00e7ocuk pembe"},"content":{"rendered":"","protected":false},"excerpt":{"rendered":"","protected":false},"featured_media":8223,"template":"","meta":[],"product_brand":[],"product_cat":[15],"product_tag":[],"class_list":{"0":"post-8222","1":"product","2":"type-product","3":"status-publish","4":"has-post-thumbnail","6":"product_cat-genel","8":"first","9":"instock","10":"taxable","11":"shipping-taxable","12":"purchasable","13":"product-type-simple"},"_links":{"self":[{"href":"https:\/\/petityu.com\/en\/wp-json\/wp\/v2\/product\/8222","targetHints":{"allow":["GET"]}}],"collection":[{"href":"https:\/\/petityu.com\/en\/wp-json\/wp\/v2\/product"}],"about":[{"href":"https:\/\/petityu.com\/en\/wp-json\/wp\/v2\/types\/product"}],"wp:featuredmedia":[{"embeddable":true,"href":"https:\/\/petityu.com\/en\/wp-json\/wp\/v2\/media\/8223"}],"wp:attachment":[{"href":"https:\/\/petityu.com\/en\/wp-json\/wp\/v2\/media?parent=8222"}],"wp:term":[{"taxonomy":"product_brand","embeddable":true,"href":"https:\/\/petityu.com\/en\/wp-json\/wp\/v2\/product_brand?post=8222"},{"taxonomy":"product_cat","embeddable":true,"href":"https:\/\/petityu.com\/en\/wp-json\/wp\/v2\/product_cat?post=8222"},{"taxonomy":"product_tag","embeddable":true,"href":"https:\/\/petityu.com\/en\/wp-json\/wp\/v2\/product_tag?post=8222"}],"curies":[{"name":"wp","href":"https:\/\/api.w.org\/{rel}","templated":true}]}}