{"id":8228,"date":"2025-03-27T15:24:55","date_gmt":"2025-03-27T12:24:55","guid":{"rendered":"https:\/\/petityu.com\/?post_type=product&#038;p=8228"},"modified":"2026-04-16T22:44:42","modified_gmt":"2026-04-16T19:44:42","slug":"petityu-upf50-gunes-korumali-lila-unicorn-kiz-cocuk-sapka","status":"publish","type":"product","link":"https:\/\/petityu.com\/en\/petityu-upf50-gunes-korumali-lila-unicorn-kiz-cocuk-sapka\/","title":{"rendered":"Petityu UPF50+ G\u00fcne\u015f Korumal\u0131 Lila Unicorn K\u0131z \u00c7ocuk \u015eapka"},"content":{"rendered":"<p><p>UPF50 + G&uuml;ne\u015f Korumal\u0131<\/p>\n<p>Unicorn desenli<\/p>\n<p>Lila renk<\/p>\n<p>K\u0131z &ccedil;ocuk \u015fapka<\/p><\/p>","protected":false},"excerpt":{"rendered":"<p>UPF50 + G&uuml;ne\u015f Korumal\u0131 Unicorn desenli Lila renk K\u0131z &ccedil;ocuk \u015fapka<\/p>","protected":false},"featured_media":8229,"template":"","meta":[],"product_brand":[],"product_cat":[975],"product_tag":[],"class_list":{"0":"post-8228","1":"product","2":"type-product","3":"status-publish","4":"has-post-thumbnail","6":"product_cat-sapka","8":"first","9":"instock","10":"taxable","11":"shipping-taxable","12":"purchasable","13":"product-type-variable"},"_links":{"self":[{"href":"https:\/\/petityu.com\/en\/wp-json\/wp\/v2\/product\/8228","targetHints":{"allow":["GET"]}}],"collection":[{"href":"https:\/\/petityu.com\/en\/wp-json\/wp\/v2\/product"}],"about":[{"href":"https:\/\/petityu.com\/en\/wp-json\/wp\/v2\/types\/product"}],"wp:featuredmedia":[{"embeddable":true,"href":"https:\/\/petityu.com\/en\/wp-json\/wp\/v2\/media\/8229"}],"wp:attachment":[{"href":"https:\/\/petityu.com\/en\/wp-json\/wp\/v2\/media?parent=8228"}],"wp:term":[{"taxonomy":"product_brand","embeddable":true,"href":"https:\/\/petityu.com\/en\/wp-json\/wp\/v2\/product_brand?post=8228"},{"taxonomy":"product_cat","embeddable":true,"href":"https:\/\/petityu.com\/en\/wp-json\/wp\/v2\/product_cat?post=8228"},{"taxonomy":"product_tag","embeddable":true,"href":"https:\/\/petityu.com\/en\/wp-json\/wp\/v2\/product_tag?post=8228"}],"curies":[{"name":"wp","href":"https:\/\/api.w.org\/{rel}","templated":true}]}}