{"id":8233,"date":"2025-03-27T15:42:20","date_gmt":"2025-03-27T12:42:20","guid":{"rendered":"https:\/\/petityu.com\/?post_type=product&#038;p=8233"},"modified":"2026-04-16T23:25:38","modified_gmt":"2026-04-16T20:25:38","slug":"petityu-upf50-pembe-mermaid-denizkizi-gunes-korumali-sapka","status":"publish","type":"product","link":"https:\/\/petityu.com\/en\/petityu-upf50-pembe-mermaid-denizkizi-gunes-korumali-sapka\/","title":{"rendered":"Petityu UPF50+ Pembe Mermaid Denizk\u0131z\u0131 G\u00fcne\u015f Korumal\u0131 \u015eapka"},"content":{"rendered":"<p><p>UPF50+ G&uuml;ne\u015f Korumal\u0131<\/p>\n<p>Denizk\u0131z\u0131 desenli<\/p>\n<p>Pink<\/p>\n<p>K\u0131z &ccedil;ocuk \u015fapka<\/p><\/p>","protected":false},"excerpt":{"rendered":"<p>UPF50+ G&uuml;ne\u015f Korumal\u0131 Denizk\u0131z\u0131 desenli Pembe K\u0131z &ccedil;ocuk \u015fapka<\/p>","protected":false},"featured_media":8232,"template":"","meta":[],"product_brand":[],"product_cat":[975],"product_tag":[],"class_list":{"0":"post-8233","1":"product","2":"type-product","3":"status-publish","4":"has-post-thumbnail","6":"product_cat-sapka","8":"first","9":"instock","10":"featured","11":"taxable","12":"shipping-taxable","13":"purchasable","14":"product-type-variable"},"_links":{"self":[{"href":"https:\/\/petityu.com\/en\/wp-json\/wp\/v2\/product\/8233","targetHints":{"allow":["GET"]}}],"collection":[{"href":"https:\/\/petityu.com\/en\/wp-json\/wp\/v2\/product"}],"about":[{"href":"https:\/\/petityu.com\/en\/wp-json\/wp\/v2\/types\/product"}],"wp:featuredmedia":[{"embeddable":true,"href":"https:\/\/petityu.com\/en\/wp-json\/wp\/v2\/media\/8232"}],"wp:attachment":[{"href":"https:\/\/petityu.com\/en\/wp-json\/wp\/v2\/media?parent=8233"}],"wp:term":[{"taxonomy":"product_brand","embeddable":true,"href":"https:\/\/petityu.com\/en\/wp-json\/wp\/v2\/product_brand?post=8233"},{"taxonomy":"product_cat","embeddable":true,"href":"https:\/\/petityu.com\/en\/wp-json\/wp\/v2\/product_cat?post=8233"},{"taxonomy":"product_tag","embeddable":true,"href":"https:\/\/petityu.com\/en\/wp-json\/wp\/v2\/product_tag?post=8233"}],"curies":[{"name":"wp","href":"https:\/\/api.w.org\/{rel}","templated":true}]}}