{"id":8237,"date":"2025-03-27T15:45:58","date_gmt":"2025-03-27T12:45:58","guid":{"rendered":"https:\/\/petityu.com\/?post_type=product&#038;p=8237"},"modified":"2026-04-06T23:55:16","modified_gmt":"2026-04-06T20:55:16","slug":"petityu-upf50-gunes-korumali-lacivert-ustu-renkli-dinazor-sapka","status":"publish","type":"product","link":"https:\/\/petityu.com\/en\/petityu-upf50-gunes-korumali-lacivert-ustu-renkli-dinazor-sapka\/","title":{"rendered":"Petityu UPF50+ G\u00fcne\u015f Korumal\u0131 Lacivert \u00dcst\u00fc Renkli Dinazor \u015eapka"},"content":{"rendered":"<p><p>Lacivert \u00fcst\u00fc renkli dinazor desenli<\/p><br \/>\n<p>Erkek \u00e7ocuk \u015fapka<\/p><br \/>\n<p>UPF50+ g\u00fcne\u015f korumal\u0131<\/p><\/p>","protected":false},"excerpt":{"rendered":"<p>Lacivert \u00fcst\u00fc renkli dinazor desenli Erkek \u00e7ocuk \u015fapka UPF50+ g\u00fcne\u015f korumal\u0131<\/p>","protected":false},"featured_media":8239,"template":"","meta":[],"product_brand":[],"product_cat":[975],"product_tag":[],"class_list":{"0":"post-8237","1":"product","2":"type-product","3":"status-publish","4":"has-post-thumbnail","6":"product_cat-sapka","8":"first","9":"instock","10":"featured","11":"taxable","12":"shipping-taxable","13":"purchasable","14":"product-type-variable"},"_links":{"self":[{"href":"https:\/\/petityu.com\/en\/wp-json\/wp\/v2\/product\/8237","targetHints":{"allow":["GET"]}}],"collection":[{"href":"https:\/\/petityu.com\/en\/wp-json\/wp\/v2\/product"}],"about":[{"href":"https:\/\/petityu.com\/en\/wp-json\/wp\/v2\/types\/product"}],"wp:featuredmedia":[{"embeddable":true,"href":"https:\/\/petityu.com\/en\/wp-json\/wp\/v2\/media\/8239"}],"wp:attachment":[{"href":"https:\/\/petityu.com\/en\/wp-json\/wp\/v2\/media?parent=8237"}],"wp:term":[{"taxonomy":"product_brand","embeddable":true,"href":"https:\/\/petityu.com\/en\/wp-json\/wp\/v2\/product_brand?post=8237"},{"taxonomy":"product_cat","embeddable":true,"href":"https:\/\/petityu.com\/en\/wp-json\/wp\/v2\/product_cat?post=8237"},{"taxonomy":"product_tag","embeddable":true,"href":"https:\/\/petityu.com\/en\/wp-json\/wp\/v2\/product_tag?post=8237"}],"curies":[{"name":"wp","href":"https:\/\/api.w.org\/{rel}","templated":true}]}}