{"id":8242,"date":"2025-03-27T15:55:56","date_gmt":"2025-03-27T12:55:56","guid":{"rendered":"https:\/\/petityu.com\/?post_type=product&#038;p=8242"},"modified":"2026-03-27T15:41:30","modified_gmt":"2026-03-27T12:41:30","slug":"petityu-upf50-gunes-korumali-mavi-kopekbaligi-desenli-cocuk-sapka","status":"publish","type":"product","link":"https:\/\/petityu.com\/en\/petityu-upf50-gunes-korumali-mavi-kopekbaligi-desenli-cocuk-sapka\/","title":{"rendered":"Petityu UPF50+ G\u00fcne\u015f Korumal\u0131 Mavi K\u00f6pekbal\u0131\u011f\u0131 Desenli \u00c7ocuk \u015eapka"},"content":{"rendered":"<p><p>Mavi k\u00f6pekbal\u0131\u011f\u0131 desenli<\/p><br \/>\n<p>UPF50+ g\u00fcne\u015f korumal\u0131<\/p><br \/>\n<p>Erkek \u00e7ocuk \u015fapka<\/p><\/p>","protected":false},"excerpt":{"rendered":"<p>Mavi k\u00f6pekbal\u0131\u011f\u0131 desenli UPF50+ g\u00fcne\u015f korumal\u0131 Erkek \u00e7ocuk \u015fapka<\/p>","protected":false},"featured_media":8244,"template":"","meta":[],"product_brand":[],"product_cat":[975],"product_tag":[],"class_list":{"0":"post-8242","1":"product","2":"type-product","3":"status-publish","4":"has-post-thumbnail","6":"product_cat-sapka","8":"first","9":"instock","10":"taxable","11":"shipping-taxable","12":"purchasable","13":"product-type-variable"},"_links":{"self":[{"href":"https:\/\/petityu.com\/en\/wp-json\/wp\/v2\/product\/8242","targetHints":{"allow":["GET"]}}],"collection":[{"href":"https:\/\/petityu.com\/en\/wp-json\/wp\/v2\/product"}],"about":[{"href":"https:\/\/petityu.com\/en\/wp-json\/wp\/v2\/types\/product"}],"wp:featuredmedia":[{"embeddable":true,"href":"https:\/\/petityu.com\/en\/wp-json\/wp\/v2\/media\/8244"}],"wp:attachment":[{"href":"https:\/\/petityu.com\/en\/wp-json\/wp\/v2\/media?parent=8242"}],"wp:term":[{"taxonomy":"product_brand","embeddable":true,"href":"https:\/\/petityu.com\/en\/wp-json\/wp\/v2\/product_brand?post=8242"},{"taxonomy":"product_cat","embeddable":true,"href":"https:\/\/petityu.com\/en\/wp-json\/wp\/v2\/product_cat?post=8242"},{"taxonomy":"product_tag","embeddable":true,"href":"https:\/\/petityu.com\/en\/wp-json\/wp\/v2\/product_tag?post=8242"}],"curies":[{"name":"wp","href":"https:\/\/api.w.org\/{rel}","templated":true}]}}