{"id":8247,"date":"2025-03-28T14:44:50","date_gmt":"2025-03-28T11:44:50","guid":{"rendered":"https:\/\/petityu.com\/?post_type=product&#038;p=8247"},"modified":"2026-04-06T23:49:26","modified_gmt":"2026-04-06T20:49:26","slug":"petityu-upf50-gunes-korumali-karpuz-desenli-mint-yesili-pembe-sapka","status":"publish","type":"product","link":"https:\/\/petityu.com\/en\/petityu-upf50-gunes-korumali-karpuz-desenli-mint-yesili-pembe-sapka\/","title":{"rendered":"Petityu UPF50+ G\u00fcne\u015f Korumal\u0131 Karpuz Desenli Mint Ye\u015fili Pembe \u015eapka"},"content":{"rendered":"<p><p>UPF50+ G\u00fcne\u015f Korumal\u0131 \u015eapka<\/p><br \/>\n<p>Karpuz desenli<\/p><br \/>\n<p>Mint Ye\u015fili Pembe<\/p><\/p>","protected":false},"excerpt":{"rendered":"<p>UPF50+ G\u00fcne\u015f Korumal\u0131 \u015eapka Karpuz desenli Mint Ye\u015fili Pembe<\/p>","protected":false},"featured_media":8249,"template":"","meta":[],"product_brand":[],"product_cat":[975],"product_tag":[],"class_list":{"0":"post-8247","1":"product","2":"type-product","3":"status-publish","4":"has-post-thumbnail","6":"product_cat-sapka","8":"first","9":"instock","10":"featured","11":"taxable","12":"shipping-taxable","13":"purchasable","14":"product-type-variable"},"_links":{"self":[{"href":"https:\/\/petityu.com\/en\/wp-json\/wp\/v2\/product\/8247","targetHints":{"allow":["GET"]}}],"collection":[{"href":"https:\/\/petityu.com\/en\/wp-json\/wp\/v2\/product"}],"about":[{"href":"https:\/\/petityu.com\/en\/wp-json\/wp\/v2\/types\/product"}],"wp:featuredmedia":[{"embeddable":true,"href":"https:\/\/petityu.com\/en\/wp-json\/wp\/v2\/media\/8249"}],"wp:attachment":[{"href":"https:\/\/petityu.com\/en\/wp-json\/wp\/v2\/media?parent=8247"}],"wp:term":[{"taxonomy":"product_brand","embeddable":true,"href":"https:\/\/petityu.com\/en\/wp-json\/wp\/v2\/product_brand?post=8247"},{"taxonomy":"product_cat","embeddable":true,"href":"https:\/\/petityu.com\/en\/wp-json\/wp\/v2\/product_cat?post=8247"},{"taxonomy":"product_tag","embeddable":true,"href":"https:\/\/petityu.com\/en\/wp-json\/wp\/v2\/product_tag?post=8247"}],"curies":[{"name":"wp","href":"https:\/\/api.w.org\/{rel}","templated":true}]}}