{"id":8252,"date":"2025-03-28T15:15:26","date_gmt":"2025-03-28T12:15:26","guid":{"rendered":"https:\/\/petityu.com\/?post_type=product&#038;p=8252"},"modified":"2026-03-27T15:44:21","modified_gmt":"2026-03-27T12:44:21","slug":"kuromi-sirin-oyuncak-apliki-mor-kiz-cocuk-yazlik-sapka","status":"publish","type":"product","link":"https:\/\/petityu.com\/en\/kuromi-sirin-oyuncak-apliki-mor-kiz-cocuk-yazlik-sapka\/","title":{"rendered":"Kuromi \u015eirin Oyuncak Aplikli Mor K\u0131z \u00c7ocuk Yazl\u0131k \u015eapka"},"content":{"rendered":"<p><p>Kuromi<\/p><br \/>\n<p>Oyuncak aplikli<\/p><br \/>\n<p>\u015eirin<\/p><br \/>\n<p>Mor renk<\/p><br \/>\n<p>K\u0131z \u00e7ocuk yazl\u0131k \u015fapka<\/p><br \/>\n<p>50-53 cm<\/p><br \/>\n<p>2-5 ya\u015fa uygun<\/p><\/p>","protected":false},"excerpt":{"rendered":"<p>Kuromi Oyuncak aplikli \u015eirin Mor renk K\u0131z \u00e7ocuk yazl\u0131k \u015fapka 50-53 cm 2-5 ya\u015fa uygun<\/p>","protected":false},"featured_media":8254,"template":"","meta":[],"product_brand":[],"product_cat":[975],"product_tag":[],"class_list":{"0":"post-8252","1":"product","2":"type-product","3":"status-publish","4":"has-post-thumbnail","6":"product_cat-sapka","8":"first","9":"instock","10":"taxable","11":"shipping-taxable","12":"purchasable","13":"product-type-simple"},"_links":{"self":[{"href":"https:\/\/petityu.com\/en\/wp-json\/wp\/v2\/product\/8252","targetHints":{"allow":["GET"]}}],"collection":[{"href":"https:\/\/petityu.com\/en\/wp-json\/wp\/v2\/product"}],"about":[{"href":"https:\/\/petityu.com\/en\/wp-json\/wp\/v2\/types\/product"}],"wp:featuredmedia":[{"embeddable":true,"href":"https:\/\/petityu.com\/en\/wp-json\/wp\/v2\/media\/8254"}],"wp:attachment":[{"href":"https:\/\/petityu.com\/en\/wp-json\/wp\/v2\/media?parent=8252"}],"wp:term":[{"taxonomy":"product_brand","embeddable":true,"href":"https:\/\/petityu.com\/en\/wp-json\/wp\/v2\/product_brand?post=8252"},{"taxonomy":"product_cat","embeddable":true,"href":"https:\/\/petityu.com\/en\/wp-json\/wp\/v2\/product_cat?post=8252"},{"taxonomy":"product_tag","embeddable":true,"href":"https:\/\/petityu.com\/en\/wp-json\/wp\/v2\/product_tag?post=8252"}],"curies":[{"name":"wp","href":"https:\/\/api.w.org\/{rel}","templated":true}]}}