{"id":8255,"date":"2025-03-28T15:29:00","date_gmt":"2025-03-28T12:29:00","guid":{"rendered":"https:\/\/petityu.com\/?post_type=product&#038;p=8255"},"modified":"2026-03-27T15:44:52","modified_gmt":"2026-03-27T12:44:52","slug":"my-melody-pembe-oyuncak-aplikeli-kulakli-sirin-sapka","status":"publish","type":"product","link":"https:\/\/petityu.com\/en\/my-melody-pembe-oyuncak-aplikeli-kulakli-sirin-sapka\/","title":{"rendered":"My Melody Pembe Oyuncak Aplikeli Kulakl\u0131 \u015eirin \u015eapka"},"content":{"rendered":"<p><p>My Melody K\u0131z \u00c7ocuk \u015eapka<\/p><br \/>\n<p>Oyuncak Aplikeli Kulakl\u0131kl\u0131<\/p><br \/>\n<p>\u015eirin<\/p><br \/>\n<p>&nbsp;2-5 Ya\u015fa Uygun<\/p><\/p>","protected":false},"excerpt":{"rendered":"<p>My Melody K\u0131z \u00c7ocuk \u015eapka Oyuncak Aplikeli Kulakl\u0131kl\u0131 \u015eirin &nbsp;2-5 Ya\u015fa Uygun<\/p>","protected":false},"featured_media":8257,"template":"","meta":[],"product_brand":[],"product_cat":[975],"product_tag":[],"class_list":{"0":"post-8255","1":"product","2":"type-product","3":"status-publish","4":"has-post-thumbnail","6":"product_cat-sapka","8":"first","9":"outofstock","10":"taxable","11":"shipping-taxable","12":"purchasable","13":"product-type-simple"},"_links":{"self":[{"href":"https:\/\/petityu.com\/en\/wp-json\/wp\/v2\/product\/8255","targetHints":{"allow":["GET"]}}],"collection":[{"href":"https:\/\/petityu.com\/en\/wp-json\/wp\/v2\/product"}],"about":[{"href":"https:\/\/petityu.com\/en\/wp-json\/wp\/v2\/types\/product"}],"wp:featuredmedia":[{"embeddable":true,"href":"https:\/\/petityu.com\/en\/wp-json\/wp\/v2\/media\/8257"}],"wp:attachment":[{"href":"https:\/\/petityu.com\/en\/wp-json\/wp\/v2\/media?parent=8255"}],"wp:term":[{"taxonomy":"product_brand","embeddable":true,"href":"https:\/\/petityu.com\/en\/wp-json\/wp\/v2\/product_brand?post=8255"},{"taxonomy":"product_cat","embeddable":true,"href":"https:\/\/petityu.com\/en\/wp-json\/wp\/v2\/product_cat?post=8255"},{"taxonomy":"product_tag","embeddable":true,"href":"https:\/\/petityu.com\/en\/wp-json\/wp\/v2\/product_tag?post=8255"}],"curies":[{"name":"wp","href":"https:\/\/api.w.org\/{rel}","templated":true}]}}