{"id":8275,"date":"2025-04-05T23:11:19","date_gmt":"2025-04-05T20:11:19","guid":{"rendered":"https:\/\/petityu.com\/?post_type=product&#038;p=8275"},"modified":"2026-04-06T23:49:05","modified_gmt":"2026-04-06T20:49:05","slug":"petityu-asiri-sirin-gunes-korumali-uzun-kollu-karpuz-desenli-pembe-mint-kiz-cocuk-bebek-mayo-ve-sapka-set","status":"publish","type":"product","link":"https:\/\/petityu.com\/en\/petityu-asiri-sirin-gunes-korumali-uzun-kollu-karpuz-desenli-pembe-mint-kiz-cocuk-bebek-mayo-ve-sapka-set\/","title":{"rendered":"Petityu A\u015f\u0131r\u0131 \u015eirin G\u00fcne\u015f Korumal\u0131 Uzun Kollu Karpuz Desenli Pembe Mint K\u0131z \u00c7ocuk Bebek Mayo Ve \u015eapka Set"},"content":{"rendered":"<p><p>G\u00fcne\u015f korumal\u0131<\/p><br \/>\n<p>Uzun kollu<\/p><br \/>\n<p>A\u015f\u0131r\u0131 \u015firin karpuz desenli<\/p><br \/>\n<p>Pembe mint renk<\/p><br \/>\n<p>K\u0131z bebek&amp;\u00e7ocuk mayo \u015fapka set<\/p><\/p>","protected":false},"excerpt":{"rendered":"<p>G\u00fcne\u015f korumal\u0131 Uzun kollu A\u015f\u0131r\u0131 \u015firin karpuz desenli Pembe mint renk K\u0131z bebek&amp;\u00e7ocuk mayo \u015fapka set<\/p>","protected":false},"featured_media":8274,"template":"","meta":[],"product_brand":[],"product_cat":[974],"product_tag":[],"class_list":{"0":"post-8275","1":"product","2":"type-product","3":"status-publish","4":"has-post-thumbnail","6":"product_cat-mayo","8":"first","9":"instock","10":"featured","11":"taxable","12":"shipping-taxable","13":"purchasable","14":"product-type-variable"},"_links":{"self":[{"href":"https:\/\/petityu.com\/en\/wp-json\/wp\/v2\/product\/8275","targetHints":{"allow":["GET"]}}],"collection":[{"href":"https:\/\/petityu.com\/en\/wp-json\/wp\/v2\/product"}],"about":[{"href":"https:\/\/petityu.com\/en\/wp-json\/wp\/v2\/types\/product"}],"wp:featuredmedia":[{"embeddable":true,"href":"https:\/\/petityu.com\/en\/wp-json\/wp\/v2\/media\/8274"}],"wp:attachment":[{"href":"https:\/\/petityu.com\/en\/wp-json\/wp\/v2\/media?parent=8275"}],"wp:term":[{"taxonomy":"product_brand","embeddable":true,"href":"https:\/\/petityu.com\/en\/wp-json\/wp\/v2\/product_brand?post=8275"},{"taxonomy":"product_cat","embeddable":true,"href":"https:\/\/petityu.com\/en\/wp-json\/wp\/v2\/product_cat?post=8275"},{"taxonomy":"product_tag","embeddable":true,"href":"https:\/\/petityu.com\/en\/wp-json\/wp\/v2\/product_tag?post=8275"}],"curies":[{"name":"wp","href":"https:\/\/api.w.org\/{rel}","templated":true}]}}