{"id":8286,"date":"2025-04-05T23:31:55","date_gmt":"2025-04-05T20:31:55","guid":{"rendered":"https:\/\/petityu.com\/?post_type=product&#038;p=8286"},"modified":"2025-11-28T14:04:14","modified_gmt":"2025-11-28T11:04:14","slug":"petityu-3lu-uv-korumali-erkek-cocuk-sapka-mayo-t-shirt-3lu-set-mavi-kopekbaligi-desenli-hammershark","status":"publish","type":"product","link":"https:\/\/petityu.com\/en\/petityu-3lu-uv-korumali-erkek-cocuk-sapka-mayo-t-shirt-3lu-set-mavi-kopekbaligi-desenli-hammershark\/","title":{"rendered":"Petityu 3\u2019l\u00fc UV Korumal\u0131 Erkek \u00c7ocuk \u015eapka Mayo T-shirt 3\u2019l\u00fc Set Mavi K\u00f6pekbal\u0131\u011f\u0131 Desenli Hammershark"},"content":{"rendered":"<p><p>UV korumal\u0131<\/p><br \/>\n<p>Mavi renk<\/p><br \/>\n<p>K\u00f6pekbal\u0131\u011f\u0131 desenli (Hammershark)<\/p><br \/>\n<p>Erkek \u00e7ocuk \u015fort mayo \u015fapka 3 l\u00fc set<\/p><\/p>","protected":false},"excerpt":{"rendered":"<p>UV korumal\u0131 Mavi renk K\u00f6pekbal\u0131\u011f\u0131 desenli (Hammershark) Erkek \u00e7ocuk \u015fort mayo \u015fapka 3 l\u00fc set<\/p>","protected":false},"featured_media":8285,"template":"","meta":[],"product_brand":[],"product_cat":[987],"product_tag":[],"class_list":{"0":"post-8286","1":"product","2":"type-product","3":"status-publish","4":"has-post-thumbnail","6":"product_cat-mayo-erkekcocuk","8":"first","9":"instock","10":"taxable","11":"shipping-taxable","12":"purchasable","13":"product-type-variable"},"_links":{"self":[{"href":"https:\/\/petityu.com\/en\/wp-json\/wp\/v2\/product\/8286","targetHints":{"allow":["GET"]}}],"collection":[{"href":"https:\/\/petityu.com\/en\/wp-json\/wp\/v2\/product"}],"about":[{"href":"https:\/\/petityu.com\/en\/wp-json\/wp\/v2\/types\/product"}],"wp:featuredmedia":[{"embeddable":true,"href":"https:\/\/petityu.com\/en\/wp-json\/wp\/v2\/media\/8285"}],"wp:attachment":[{"href":"https:\/\/petityu.com\/en\/wp-json\/wp\/v2\/media?parent=8286"}],"wp:term":[{"taxonomy":"product_brand","embeddable":true,"href":"https:\/\/petityu.com\/en\/wp-json\/wp\/v2\/product_brand?post=8286"},{"taxonomy":"product_cat","embeddable":true,"href":"https:\/\/petityu.com\/en\/wp-json\/wp\/v2\/product_cat?post=8286"},{"taxonomy":"product_tag","embeddable":true,"href":"https:\/\/petityu.com\/en\/wp-json\/wp\/v2\/product_tag?post=8286"}],"curies":[{"name":"wp","href":"https:\/\/api.w.org\/{rel}","templated":true}]}}