{"id":8295,"date":"2025-04-05T23:49:31","date_gmt":"2025-04-05T20:49:31","guid":{"rendered":"https:\/\/petityu.com\/?post_type=product&#038;p=8295"},"modified":"2026-04-16T15:18:42","modified_gmt":"2026-04-16T12:18:42","slug":"petityu-mor-unicorn-kiz-cocuk-firfirli-bikini","status":"publish","type":"product","link":"https:\/\/petityu.com\/en\/petityu-mor-unicorn-kiz-cocuk-firfirli-bikini\/","title":{"rendered":"Petityu Mor Unicorn K\u0131z \u00c7ocuk F\u0131rf\u0131rl\u0131 Bikini"},"content":{"rendered":"<p><p>Unicorn desenli<\/p><p>Mor renk<\/p><p>F\u0131rf\u0131rl\u0131 k\u0131z \u00e7ocuk bikini<\/p><\/p>","protected":false},"excerpt":{"rendered":"<p>Unicorn desenliMor renkF\u0131rf\u0131rl\u0131 k\u0131z \u00e7ocuk bikini<\/p>","protected":false},"featured_media":8294,"template":"","meta":[],"product_brand":[],"product_cat":[974],"product_tag":[],"class_list":{"0":"post-8295","1":"product","2":"type-product","3":"status-publish","4":"has-post-thumbnail","6":"product_cat-mayo","8":"first","9":"instock","10":"taxable","11":"shipping-taxable","12":"purchasable","13":"product-type-variable"},"_links":{"self":[{"href":"https:\/\/petityu.com\/en\/wp-json\/wp\/v2\/product\/8295","targetHints":{"allow":["GET"]}}],"collection":[{"href":"https:\/\/petityu.com\/en\/wp-json\/wp\/v2\/product"}],"about":[{"href":"https:\/\/petityu.com\/en\/wp-json\/wp\/v2\/types\/product"}],"wp:featuredmedia":[{"embeddable":true,"href":"https:\/\/petityu.com\/en\/wp-json\/wp\/v2\/media\/8294"}],"wp:attachment":[{"href":"https:\/\/petityu.com\/en\/wp-json\/wp\/v2\/media?parent=8295"}],"wp:term":[{"taxonomy":"product_brand","embeddable":true,"href":"https:\/\/petityu.com\/en\/wp-json\/wp\/v2\/product_brand?post=8295"},{"taxonomy":"product_cat","embeddable":true,"href":"https:\/\/petityu.com\/en\/wp-json\/wp\/v2\/product_cat?post=8295"},{"taxonomy":"product_tag","embeddable":true,"href":"https:\/\/petityu.com\/en\/wp-json\/wp\/v2\/product_tag?post=8295"}],"curies":[{"name":"wp","href":"https:\/\/api.w.org\/{rel}","templated":true}]}}