{"id":8302,"date":"2025-04-06T00:06:33","date_gmt":"2025-04-05T21:06:33","guid":{"rendered":"https:\/\/petityu.com\/petityu-kuromi-tek-omuz-firfir-detayli-boneli-mor-kiz-cocuk-mayo\/"},"modified":"2026-04-01T14:28:24","modified_gmt":"2026-04-01T11:28:24","slug":"petityu-kuromi-tek-omuz-firfir-detayli-boneli-mor-kiz-cocuk-mayo","status":"publish","type":"product","link":"https:\/\/petityu.com\/en\/petityu-kuromi-tek-omuz-firfir-detayli-boneli-mor-kiz-cocuk-mayo\/","title":{"rendered":"Petityu Kuromi Tek Omuz F\u0131rf\u0131r Detayl\u0131 Boneli Mor K\u0131z \u00c7ocuk Mayo"},"content":{"rendered":"<p><p>Kuromi<\/p><br \/>\n<p>Tek omuz f\u0131rf\u0131r detayl\u0131<\/p><br \/>\n<p>Boneli<\/p><br \/>\n<p>Purple<\/p><br \/>\n<p>K\u0131z \u00e7ocuk mayo<\/p><\/p>","protected":false},"excerpt":{"rendered":"<p>Kuromi Tek omuz f\u0131rf\u0131r detayl\u0131 Boneli Mor K\u0131z \u00e7ocuk mayo<\/p>","protected":false},"featured_media":8301,"template":"","meta":[],"product_brand":[],"product_cat":[974],"product_tag":[],"class_list":{"0":"post-8302","1":"product","2":"type-product","3":"status-publish","4":"has-post-thumbnail","6":"product_cat-mayo","8":"first","9":"instock","10":"taxable","11":"shipping-taxable","12":"purchasable","13":"product-type-variable"},"_links":{"self":[{"href":"https:\/\/petityu.com\/en\/wp-json\/wp\/v2\/product\/8302","targetHints":{"allow":["GET"]}}],"collection":[{"href":"https:\/\/petityu.com\/en\/wp-json\/wp\/v2\/product"}],"about":[{"href":"https:\/\/petityu.com\/en\/wp-json\/wp\/v2\/types\/product"}],"wp:featuredmedia":[{"embeddable":true,"href":"https:\/\/petityu.com\/en\/wp-json\/wp\/v2\/media\/8301"}],"wp:attachment":[{"href":"https:\/\/petityu.com\/en\/wp-json\/wp\/v2\/media?parent=8302"}],"wp:term":[{"taxonomy":"product_brand","embeddable":true,"href":"https:\/\/petityu.com\/en\/wp-json\/wp\/v2\/product_brand?post=8302"},{"taxonomy":"product_cat","embeddable":true,"href":"https:\/\/petityu.com\/en\/wp-json\/wp\/v2\/product_cat?post=8302"},{"taxonomy":"product_tag","embeddable":true,"href":"https:\/\/petityu.com\/en\/wp-json\/wp\/v2\/product_tag?post=8302"}],"curies":[{"name":"wp","href":"https:\/\/api.w.org\/{rel}","templated":true}]}}